{"id":298,"date":"2016-03-11T21:49:33","date_gmt":"2016-03-11T20:49:33","guid":{"rendered":"http:\/\/shoot33.fr\/?page_id=298"},"modified":"2017-03-11T23:21:54","modified_gmt":"2017-03-11T22:21:54","slug":"seance-photo","status":"publish","type":"page","link":"https:\/\/shoot33.fr\/index.php\/seance-photo\/","title":{"rendered":"S\u00e9ance photo"},"content":{"rendered":"<p>Shoot33 propose des s\u00e9ances photos aussi bien en ext\u00e9rieur qu&rsquo;\u00e0 domicile.<\/p>\n<p>N&rsquo;h\u00e9sitez pas \u00e0 me\u00a0<a href=\"http:\/\/shoot33.fr\/index.php\/contact\/\">contacter<\/a> pour des prestations sur-mesure pour coller au mieux \u00e0 vos envies et \u00e0 votre budget.<\/p>\n<p>Trouverez ci-apr\u00e8s des exemples de prestations photos :<\/p>\n<p style=\"padding-left: 30px;\"><a href=\"http:\/\/shoot33.fr\/index.php\/seance-photo\/shooting-moto\/\">Shooting moto<\/a><\/p>\n<p style=\"padding-left: 30px;\"><a href=\"http:\/\/shoot33.fr\/index.php\/seance-photo\/famille\/\">Famille<\/a><\/p>\n<p style=\"padding-left: 30px;\"><a href=\"http:\/\/shoot33.fr\/index.php\/seance-photo\/portrait\/\">Portrait<\/a><\/p>\n","protected":false},"excerpt":{"rendered":"<p>Shoot33 propose des s\u00e9ances photos aussi bien en ext\u00e9rieur qu&rsquo;\u00e0 <a class=\"more-link\" href=\"https:\/\/shoot33.fr\/index.php\/seance-photo\/\">En lire plus &#8230;<\/a><\/p>\n","protected":false},"author":1,"featured_media":0,"parent":0,"menu_order":0,"comment_status":"closed","ping_status":"closed","template":"","meta":{"jetpack_post_was_ever_published":false},"jetpack_shortlink":"https:\/\/wp.me\/P73r74-4O","_links":{"self":[{"href":"https:\/\/shoot33.fr\/index.php\/wp-json\/wp\/v2\/pages\/298"}],"collection":[{"href":"https:\/\/shoot33.fr\/index.php\/wp-json\/wp\/v2\/pages"}],"about":[{"href":"https:\/\/shoot33.fr\/index.php\/wp-json\/wp\/v2\/types\/page"}],"author":[{"embeddable":true,"href":"https:\/\/shoot33.fr\/index.php\/wp-json\/wp\/v2\/users\/1"}],"replies":[{"embeddable":true,"href":"https:\/\/shoot33.fr\/index.php\/wp-json\/wp\/v2\/comments?post=298"}],"version-history":[{"count":4,"href":"https:\/\/shoot33.fr\/index.php\/wp-json\/wp\/v2\/pages\/298\/revisions"}],"predecessor-version":[{"id":1260,"href":"https:\/\/shoot33.fr\/index.php\/wp-json\/wp\/v2\/pages\/298\/revisions\/1260"}],"wp:attachment":[{"href":"https:\/\/shoot33.fr\/index.php\/wp-json\/wp\/v2\/media?parent=298"}],"curies":[{"name":"wp","href":"https:\/\/api.w.org\/{rel}","templated":true}]}}