{"id":231,"date":"2016-03-08T21:21:05","date_gmt":"2016-03-08T20:21:05","guid":{"rendered":"http:\/\/shoot33.fr\/?page_id=231"},"modified":"2016-04-30T22:46:25","modified_gmt":"2016-04-30T21:46:25","slug":"photo-aerienne","status":"publish","type":"page","link":"https:\/\/shoot33.fr\/index.php\/photo-technique\/photo-aerienne\/","title":{"rendered":"Photo a\u00e9rienne"},"content":{"rendered":"<p>Shoot33 peut \u00e9galement r\u00e9aliser des prestations de prise de vue a\u00e9rienne. Les conditions sont bien entendu \u00e0 discuter selon le projet et les contraintes a\u00e9ronautiques (r\u00e9glementation, r\u00e8gle de s\u00e9curit\u00e9 et de pilotage &#8230;)<\/p>\n<p>Voici quelques photos d&rsquo;un survol du ch\u00e2teau de la Br\u00e8de apr\u00e8s d\u00e9collage de l&rsquo;a\u00e9roport de M\u00e9rignac, pour une s\u00e9rie de clich\u00e9s \u00e0 360\u00b0 afin de r\u00e9aliser une reconstitution en 3D.<\/p>\n<p><a href=\"http:\/\/shoot33.fr\/wp-content\/uploads\/IMG_9524_DxO80_Web.jpg\"><img data-attachment-id=\"679\" data-permalink=\"https:\/\/shoot33.fr\/index.php\/photo-technique\/photo-aerienne\/img_9524_dxo80_web\/#main\" data-orig-file=\"https:\/\/shoot33.fr\/wp-content\/uploads\/IMG_9524_DxO80_Web.jpg\" data-orig-size=\"2048,1365\" data-comments-opened=\"1\" data-image-meta=\"{&quot;aperture&quot;:&quot;2.8&quot;,&quot;credit&quot;:&quot;AUGEREAU Philippe&quot;,&quot;camera&quot;:&quot;Canon EOS 760D&quot;,&quot;caption&quot;:&quot;&quot;,&quot;created_timestamp&quot;:&quot;1458220915&quot;,&quot;copyright&quot;:&quot;Tous droits reserves. Contacter l&#039;auteur pour toute utilisation&quot;,&quot;focal_length&quot;:&quot;100&quot;,&quot;iso&quot;:&quot;100&quot;,&quot;shutter_speed&quot;:&quot;0.00125&quot;,&quot;title&quot;:&quot;&quot;,&quot;orientation&quot;:&quot;1&quot;}\" data-image-title=\"IMG_9524_DxO80_Web\" data-image-description=\"\" data-image-caption=\"\" data-medium-file=\"https:\/\/shoot33.fr\/wp-content\/uploads\/IMG_9524_DxO80_Web-300x200.jpg\" data-large-file=\"https:\/\/shoot33.fr\/wp-content\/uploads\/IMG_9524_DxO80_Web-2048x1365.jpg\" decoding=\"async\" loading=\"lazy\" class=\"size-large wp-image-679 aligncenter\" src=\"http:\/\/shoot33.fr\/wp-content\/uploads\/IMG_9524_DxO80_Web-2048x1365.jpg\" alt=\"IMG_9524_DxO80_Web\" width=\"860\" height=\"573\" srcset=\"https:\/\/shoot33.fr\/wp-content\/uploads\/IMG_9524_DxO80_Web.jpg 2048w, https:\/\/shoot33.fr\/wp-content\/uploads\/IMG_9524_DxO80_Web-150x100.jpg 150w, https:\/\/shoot33.fr\/wp-content\/uploads\/IMG_9524_DxO80_Web-300x200.jpg 300w\" sizes=\"(max-width: 860px) 100vw, 860px\" \/><\/a><\/p>\n<p>Quelques photos de la pr\u00e9paration et du vol&#8230;<\/p>\n<div class=\"tiled-gallery type-rectangular tiled-gallery-unresized\" data-original-width=\"860\" data-carousel-extra='{&quot;blog_id&quot;:1,&quot;permalink&quot;:&quot;https:\\\/\\\/shoot33.fr\\\/index.php\\\/photo-technique\\\/photo-aerienne\\\/&quot;,&quot;likes_blog_id&quot;:104253562}' itemscope itemtype=\"http:\/\/schema.org\/ImageGallery\" > <div class=\"gallery-row\" style=\"width: 860px; height: 397px;\" data-original-width=\"860\" data-original-height=\"397\" > <div class=\"gallery-group images-1\" style=\"width: 594px; height: 397px;\" data-original-width=\"594\" data-original-height=\"397\" > <div class=\"tiled-gallery-item tiled-gallery-item-large\" itemprop=\"associatedMedia\" itemscope itemtype=\"http:\/\/schema.org\/ImageObject\"> <a href=\"https:\/\/shoot33.fr\/index.php\/photo-technique\/photo-aerienne\/img_9132_dxo80_web\/#main\" border=\"0\" itemprop=\"url\"> <meta itemprop=\"width\" content=\"590\"> <meta itemprop=\"height\" content=\"393\"> <img data-attachment-id=\"676\" data-orig-file=\"https:\/\/shoot33.fr\/wp-content\/uploads\/IMG_9132_DxO80_Web.jpg\" data-orig-size=\"2048,1365\" data-comments-opened=\"1\" data-image-meta=\"{&quot;aperture&quot;:&quot;2.8&quot;,&quot;credit&quot;:&quot;AUGEREAU Philippe&quot;,&quot;camera&quot;:&quot;Canon EOS 760D&quot;,&quot;caption&quot;:&quot;&quot;,&quot;created_timestamp&quot;:&quot;1458217550&quot;,&quot;copyright&quot;:&quot;Tous droits reserves. Contacter l\\u0027auteur pour toute utilisation&quot;,&quot;focal_length&quot;:&quot;100&quot;,&quot;iso&quot;:&quot;100&quot;,&quot;shutter_speed&quot;:&quot;0.02&quot;,&quot;title&quot;:&quot;&quot;,&quot;orientation&quot;:&quot;1&quot;}\" data-image-title=\"IMG_9132_DxO80_Web\" data-image-description=\"\" data-medium-file=\"https:\/\/shoot33.fr\/wp-content\/uploads\/IMG_9132_DxO80_Web-300x200.jpg\" data-large-file=\"https:\/\/shoot33.fr\/wp-content\/uploads\/IMG_9132_DxO80_Web-2048x1365.jpg\" src=\"https:\/\/i0.wp.com\/shoot33.fr\/wp-content\/uploads\/IMG_9132_DxO80_Web.jpg?w=590&#038;h=393&#038;ssl=1\" width=\"590\" height=\"393\" data-original-width=\"590\" data-original-height=\"393\" itemprop=\"http:\/\/schema.org\/image\" title=\"IMG_9132_DxO80_Web\" alt=\"IMG_9132_DxO80_Web\" style=\"width: 590px; height: 393px;\" \/> <\/a> <\/div> <\/div> <!-- close group --> <div class=\"gallery-group images-1\" style=\"width: 266px; height: 397px;\" data-original-width=\"266\" data-original-height=\"397\" > <div class=\"tiled-gallery-item tiled-gallery-item-large\" itemprop=\"associatedMedia\" itemscope itemtype=\"http:\/\/schema.org\/ImageObject\"> <a href=\"https:\/\/shoot33.fr\/index.php\/photo-technique\/photo-aerienne\/img_9632_dxo80_web\/#main\" border=\"0\" itemprop=\"url\"> <meta itemprop=\"width\" content=\"262\"> <meta itemprop=\"height\" content=\"393\"> <img data-attachment-id=\"682\" data-orig-file=\"https:\/\/shoot33.fr\/wp-content\/uploads\/IMG_9632_DxO80_Web.jpg\" data-orig-size=\"1365,2048\" data-comments-opened=\"1\" data-image-meta=\"{&quot;aperture&quot;:&quot;2.8&quot;,&quot;credit&quot;:&quot;AUGEREAU Philippe&quot;,&quot;camera&quot;:&quot;Canon EOS 760D&quot;,&quot;caption&quot;:&quot;&quot;,&quot;created_timestamp&quot;:&quot;1458222958&quot;,&quot;copyright&quot;:&quot;Tous droits reserves. Contacter l\\u0027auteur pour toute utilisation&quot;,&quot;focal_length&quot;:&quot;100&quot;,&quot;iso&quot;:&quot;500&quot;,&quot;shutter_speed&quot;:&quot;0.008&quot;,&quot;title&quot;:&quot;&quot;,&quot;orientation&quot;:&quot;1&quot;}\" data-image-title=\"IMG_9632_DxO80_Web\" data-image-description=\"\" data-medium-file=\"https:\/\/shoot33.fr\/wp-content\/uploads\/IMG_9632_DxO80_Web-200x300.jpg\" data-large-file=\"https:\/\/shoot33.fr\/wp-content\/uploads\/IMG_9632_DxO80_Web-1365x2048.jpg\" src=\"https:\/\/i0.wp.com\/shoot33.fr\/wp-content\/uploads\/IMG_9632_DxO80_Web.jpg?w=262&#038;h=393&#038;ssl=1\" width=\"262\" height=\"393\" data-original-width=\"262\" data-original-height=\"393\" itemprop=\"http:\/\/schema.org\/image\" title=\"IMG_9632_DxO80_Web\" alt=\"IMG_9632_DxO80_Web\" style=\"width: 262px; height: 393px;\" \/> <\/a> <\/div> <\/div> <!-- close group --> <\/div> <!-- close row --> <div class=\"gallery-row\" style=\"width: 860px; height: 738px;\" data-original-width=\"860\" data-original-height=\"738\" > <div class=\"gallery-group images-3\" style=\"width: 367px; height: 738px;\" data-original-width=\"367\" data-original-height=\"738\" > <div class=\"tiled-gallery-item tiled-gallery-item-large\" itemprop=\"associatedMedia\" itemscope itemtype=\"http:\/\/schema.org\/ImageObject\"> <a href=\"https:\/\/shoot33.fr\/index.php\/photo-technique\/photo-aerienne\/img_9134_dxo80_web\/#main\" border=\"0\" itemprop=\"url\"> <meta itemprop=\"width\" content=\"363\"> <meta itemprop=\"height\" content=\"242\"> <img data-attachment-id=\"677\" data-orig-file=\"https:\/\/shoot33.fr\/wp-content\/uploads\/IMG_9134_DxO80_Web.jpg\" data-orig-size=\"2048,1365\" data-comments-opened=\"1\" data-image-meta=\"{&quot;aperture&quot;:&quot;2.8&quot;,&quot;credit&quot;:&quot;AUGEREAU Philippe&quot;,&quot;camera&quot;:&quot;Canon EOS 760D&quot;,&quot;caption&quot;:&quot;&quot;,&quot;created_timestamp&quot;:&quot;1458217608&quot;,&quot;copyright&quot;:&quot;Tous droits reserves. Contacter l\\u0027auteur pour toute utilisation&quot;,&quot;focal_length&quot;:&quot;100&quot;,&quot;iso&quot;:&quot;100&quot;,&quot;shutter_speed&quot;:&quot;0.000625&quot;,&quot;title&quot;:&quot;&quot;,&quot;orientation&quot;:&quot;1&quot;}\" data-image-title=\"IMG_9134_DxO80_Web\" data-image-description=\"\" data-medium-file=\"https:\/\/shoot33.fr\/wp-content\/uploads\/IMG_9134_DxO80_Web-300x200.jpg\" data-large-file=\"https:\/\/shoot33.fr\/wp-content\/uploads\/IMG_9134_DxO80_Web-2048x1365.jpg\" src=\"https:\/\/i0.wp.com\/shoot33.fr\/wp-content\/uploads\/IMG_9134_DxO80_Web.jpg?w=363&#038;h=242&#038;ssl=1\" width=\"363\" height=\"242\" data-original-width=\"363\" data-original-height=\"242\" itemprop=\"http:\/\/schema.org\/image\" title=\"IMG_9134_DxO80_Web\" alt=\"IMG_9134_DxO80_Web\" style=\"width: 363px; height: 242px;\" \/> <\/a> <\/div> <div class=\"tiled-gallery-item tiled-gallery-item-large\" itemprop=\"associatedMedia\" itemscope itemtype=\"http:\/\/schema.org\/ImageObject\"> <a href=\"https:\/\/shoot33.fr\/index.php\/photo-technique\/photo-aerienne\/img_9140_dxo80_web\/#main\" border=\"0\" itemprop=\"url\"> <meta itemprop=\"width\" content=\"363\"> <meta itemprop=\"height\" content=\"242\"> <img data-attachment-id=\"678\" data-orig-file=\"https:\/\/shoot33.fr\/wp-content\/uploads\/IMG_9140_DxO80_Web.jpg\" data-orig-size=\"2048,1365\" data-comments-opened=\"1\" data-image-meta=\"{&quot;aperture&quot;:&quot;2.8&quot;,&quot;credit&quot;:&quot;AUGEREAU Philippe&quot;,&quot;camera&quot;:&quot;Canon EOS 760D&quot;,&quot;caption&quot;:&quot;&quot;,&quot;created_timestamp&quot;:&quot;1458219456&quot;,&quot;copyright&quot;:&quot;Tous droits reserves. Contacter l\\u0027auteur pour toute utilisation&quot;,&quot;focal_length&quot;:&quot;100&quot;,&quot;iso&quot;:&quot;100&quot;,&quot;shutter_speed&quot;:&quot;0.0003125&quot;,&quot;title&quot;:&quot;&quot;,&quot;orientation&quot;:&quot;1&quot;}\" data-image-title=\"IMG_9140_DxO80_Web\" data-image-description=\"\" data-medium-file=\"https:\/\/shoot33.fr\/wp-content\/uploads\/IMG_9140_DxO80_Web-300x200.jpg\" data-large-file=\"https:\/\/shoot33.fr\/wp-content\/uploads\/IMG_9140_DxO80_Web-2048x1365.jpg\" src=\"https:\/\/i0.wp.com\/shoot33.fr\/wp-content\/uploads\/IMG_9140_DxO80_Web.jpg?w=363&#038;h=242&#038;ssl=1\" width=\"363\" height=\"242\" data-original-width=\"363\" data-original-height=\"242\" itemprop=\"http:\/\/schema.org\/image\" title=\"IMG_9140_DxO80_Web\" alt=\"IMG_9140_DxO80_Web\" style=\"width: 363px; height: 242px;\" \/> <\/a> <\/div> <div class=\"tiled-gallery-item tiled-gallery-item-large\" itemprop=\"associatedMedia\" itemscope itemtype=\"http:\/\/schema.org\/ImageObject\"> <a href=\"https:\/\/shoot33.fr\/index.php\/photo-technique\/photo-aerienne\/img_9589_dxo80_web\/#main\" border=\"0\" itemprop=\"url\"> <meta itemprop=\"width\" content=\"363\"> <meta itemprop=\"height\" content=\"242\"> <img data-attachment-id=\"680\" data-orig-file=\"https:\/\/shoot33.fr\/wp-content\/uploads\/IMG_9589_DxO80_Web.jpg\" data-orig-size=\"2048,1365\" data-comments-opened=\"1\" data-image-meta=\"{&quot;aperture&quot;:&quot;2.8&quot;,&quot;credit&quot;:&quot;AUGEREAU Philippe&quot;,&quot;camera&quot;:&quot;Canon EOS 760D&quot;,&quot;caption&quot;:&quot;&quot;,&quot;created_timestamp&quot;:&quot;1458221663&quot;,&quot;copyright&quot;:&quot;Tous droits reserves. Contacter l\\u0027auteur pour toute utilisation&quot;,&quot;focal_length&quot;:&quot;100&quot;,&quot;iso&quot;:&quot;100&quot;,&quot;shutter_speed&quot;:&quot;0.0005&quot;,&quot;title&quot;:&quot;&quot;,&quot;orientation&quot;:&quot;1&quot;}\" data-image-title=\"IMG_9589_DxO80_Web\" data-image-description=\"\" data-medium-file=\"https:\/\/shoot33.fr\/wp-content\/uploads\/IMG_9589_DxO80_Web-300x200.jpg\" data-large-file=\"https:\/\/shoot33.fr\/wp-content\/uploads\/IMG_9589_DxO80_Web-2048x1365.jpg\" src=\"https:\/\/i0.wp.com\/shoot33.fr\/wp-content\/uploads\/IMG_9589_DxO80_Web.jpg?w=363&#038;h=242&#038;ssl=1\" width=\"363\" height=\"242\" data-original-width=\"363\" data-original-height=\"242\" itemprop=\"http:\/\/schema.org\/image\" title=\"IMG_9589_DxO80_Web\" alt=\"IMG_9589_DxO80_Web\" style=\"width: 363px; height: 242px;\" \/> <\/a> <\/div> <\/div> <!-- close group --> <div class=\"gallery-group images-1\" style=\"width: 493px; height: 738px;\" data-original-width=\"493\" data-original-height=\"738\" > <div class=\"tiled-gallery-item tiled-gallery-item-large\" itemprop=\"associatedMedia\" itemscope itemtype=\"http:\/\/schema.org\/ImageObject\"> <a href=\"https:\/\/shoot33.fr\/index.php\/photo-technique\/photo-aerienne\/img_9605_dxo80_web\/#main\" border=\"0\" itemprop=\"url\"> <meta itemprop=\"width\" content=\"489\"> <meta itemprop=\"height\" content=\"734\"> <img data-attachment-id=\"681\" data-orig-file=\"https:\/\/shoot33.fr\/wp-content\/uploads\/IMG_9605_DxO80_Web.jpg\" data-orig-size=\"1365,2048\" data-comments-opened=\"1\" data-image-meta=\"{&quot;aperture&quot;:&quot;2.8&quot;,&quot;credit&quot;:&quot;AUGEREAU Philippe&quot;,&quot;camera&quot;:&quot;Canon EOS 760D&quot;,&quot;caption&quot;:&quot;&quot;,&quot;created_timestamp&quot;:&quot;1458221697&quot;,&quot;copyright&quot;:&quot;Tous droits reserves. Contacter l\\u0027auteur pour toute utilisation&quot;,&quot;focal_length&quot;:&quot;100&quot;,&quot;iso&quot;:&quot;100&quot;,&quot;shutter_speed&quot;:&quot;0.0005&quot;,&quot;title&quot;:&quot;&quot;,&quot;orientation&quot;:&quot;1&quot;}\" data-image-title=\"IMG_9605_DxO80_Web\" data-image-description=\"\" data-medium-file=\"https:\/\/shoot33.fr\/wp-content\/uploads\/IMG_9605_DxO80_Web-200x300.jpg\" data-large-file=\"https:\/\/shoot33.fr\/wp-content\/uploads\/IMG_9605_DxO80_Web-1365x2048.jpg\" src=\"https:\/\/i0.wp.com\/shoot33.fr\/wp-content\/uploads\/IMG_9605_DxO80_Web.jpg?w=489&#038;h=734&#038;ssl=1\" width=\"489\" height=\"734\" data-original-width=\"489\" data-original-height=\"734\" itemprop=\"http:\/\/schema.org\/image\" title=\"IMG_9605_DxO80_Web\" alt=\"IMG_9605_DxO80_Web\" style=\"width: 489px; height: 734px;\" \/> <\/a> <\/div> <\/div> <!-- close group --> <\/div> <!-- close row --> <\/div>\n","protected":false},"excerpt":{"rendered":"<p>Shoot33 peut \u00e9galement r\u00e9aliser des prestations de prise de vue <a class=\"more-link\" href=\"https:\/\/shoot33.fr\/index.php\/photo-technique\/photo-aerienne\/\">En lire plus &#8230;<\/a><\/p>\n","protected":false},"author":1,"featured_media":680,"parent":202,"menu_order":1,"comment_status":"closed","ping_status":"closed","template":"","meta":{"jetpack_post_was_ever_published":false},"jetpack_shortlink":"https:\/\/wp.me\/P73r74-3J","_links":{"self":[{"href":"https:\/\/shoot33.fr\/index.php\/wp-json\/wp\/v2\/pages\/231"}],"collection":[{"href":"https:\/\/shoot33.fr\/index.php\/wp-json\/wp\/v2\/pages"}],"about":[{"href":"https:\/\/shoot33.fr\/index.php\/wp-json\/wp\/v2\/types\/page"}],"author":[{"embeddable":true,"href":"https:\/\/shoot33.fr\/index.php\/wp-json\/wp\/v2\/users\/1"}],"replies":[{"embeddable":true,"href":"https:\/\/shoot33.fr\/index.php\/wp-json\/wp\/v2\/comments?post=231"}],"version-history":[{"count":15,"href":"https:\/\/shoot33.fr\/index.php\/wp-json\/wp\/v2\/pages\/231\/revisions"}],"predecessor-version":[{"id":693,"href":"https:\/\/shoot33.fr\/index.php\/wp-json\/wp\/v2\/pages\/231\/revisions\/693"}],"up":[{"embeddable":true,"href":"https:\/\/shoot33.fr\/index.php\/wp-json\/wp\/v2\/pages\/202"}],"wp:featuredmedia":[{"embeddable":true,"href":"https:\/\/shoot33.fr\/index.php\/wp-json\/wp\/v2\/media\/680"}],"wp:attachment":[{"href":"https:\/\/shoot33.fr\/index.php\/wp-json\/wp\/v2\/media?parent=231"}],"curies":[{"name":"wp","href":"https:\/\/api.w.org\/{rel}","templated":true}]}}