{"id":220,"date":"2016-03-05T22:38:01","date_gmt":"2016-03-05T21:38:01","guid":{"rendered":"http:\/\/shoot33.fr\/?page_id=220"},"modified":"2017-03-11T23:30:32","modified_gmt":"2017-03-11T22:30:32","slug":"formation","status":"publish","type":"page","link":"https:\/\/shoot33.fr\/index.php\/formation\/","title":{"rendered":"Formation"},"content":{"rendered":"<p>Shoot33 propose \u00e9galement des s\u00e9ances de formation \u00e0 la photo : d\u00e9couverte de l&rsquo;usage d&rsquo;un appareil reflex, perfectionnement, traitement photo, composition, \u00e9clairage &#8230;<\/p>\n<p>Plus d&rsquo;informations et de d\u00e9tails \u00e0 venir (page en construction)<\/p>\n","protected":false},"excerpt":{"rendered":"<p>Shoot33 propose \u00e9galement des s\u00e9ances de formation \u00e0 la photo <a class=\"more-link\" href=\"https:\/\/shoot33.fr\/index.php\/formation\/\">En lire plus &#8230;<\/a><\/p>\n","protected":false},"author":1,"featured_media":285,"parent":0,"menu_order":0,"comment_status":"closed","ping_status":"closed","template":"","meta":{"jetpack_post_was_ever_published":false},"jetpack_shortlink":"https:\/\/wp.me\/P73r74-3y","_links":{"self":[{"href":"https:\/\/shoot33.fr\/index.php\/wp-json\/wp\/v2\/pages\/220"}],"collection":[{"href":"https:\/\/shoot33.fr\/index.php\/wp-json\/wp\/v2\/pages"}],"about":[{"href":"https:\/\/shoot33.fr\/index.php\/wp-json\/wp\/v2\/types\/page"}],"author":[{"embeddable":true,"href":"https:\/\/shoot33.fr\/index.php\/wp-json\/wp\/v2\/users\/1"}],"replies":[{"embeddable":true,"href":"https:\/\/shoot33.fr\/index.php\/wp-json\/wp\/v2\/comments?post=220"}],"version-history":[{"count":5,"href":"https:\/\/shoot33.fr\/index.php\/wp-json\/wp\/v2\/pages\/220\/revisions"}],"predecessor-version":[{"id":1265,"href":"https:\/\/shoot33.fr\/index.php\/wp-json\/wp\/v2\/pages\/220\/revisions\/1265"}],"wp:featuredmedia":[{"embeddable":true,"href":"https:\/\/shoot33.fr\/index.php\/wp-json\/wp\/v2\/media\/285"}],"wp:attachment":[{"href":"https:\/\/shoot33.fr\/index.php\/wp-json\/wp\/v2\/media?parent=220"}],"curies":[{"name":"wp","href":"https:\/\/api.w.org\/{rel}","templated":true}]}}