{"id":214,"date":"2016-03-04T23:44:47","date_gmt":"2016-03-04T22:44:47","guid":{"rendered":"http:\/\/shoot33.fr\/?page_id=214"},"modified":"2023-02-19T00:45:51","modified_gmt":"2023-02-18T23:45:51","slug":"contact","status":"publish","type":"page","link":"https:\/\/shoot33.fr\/index.php\/contact\/","title":{"rendered":"Contact"},"content":{"rendered":"<p><a href=\"http:\/\/shoot33.fr\/wp-content\/uploads\/logo-black-512x381.jpg\" rel=\"attachment wp-att-109\"><img data-attachment-id=\"109\" data-permalink=\"https:\/\/shoot33.fr\/index.php\/contact\/logo-black-512x381\/#main\" data-orig-file=\"https:\/\/shoot33.fr\/wp-content\/uploads\/logo-black-512x381.jpg\" data-orig-size=\"512,381\" data-comments-opened=\"1\" data-image-meta=\"{&quot;aperture&quot;:&quot;0&quot;,&quot;credit&quot;:&quot;&quot;,&quot;camera&quot;:&quot;&quot;,&quot;caption&quot;:&quot;&quot;,&quot;created_timestamp&quot;:&quot;0&quot;,&quot;copyright&quot;:&quot;&quot;,&quot;focal_length&quot;:&quot;0&quot;,&quot;iso&quot;:&quot;0&quot;,&quot;shutter_speed&quot;:&quot;0&quot;,&quot;title&quot;:&quot;&quot;,&quot;orientation&quot;:&quot;1&quot;}\" data-image-title=\"logo black 512&#215;381\" data-image-description=\"\" data-image-caption=\"\" data-medium-file=\"https:\/\/shoot33.fr\/wp-content\/uploads\/logo-black-512x381-300x223.jpg\" data-large-file=\"https:\/\/shoot33.fr\/wp-content\/uploads\/logo-black-512x381.jpg\" decoding=\"async\" loading=\"lazy\" class=\"alignnone wp-image-109\" src=\"http:\/\/shoot33.fr\/wp-content\/uploads\/logo-black-512x381-300x223.jpg\" alt=\"logo black 512x381\" width=\"192\" height=\"143\" srcset=\"https:\/\/shoot33.fr\/wp-content\/uploads\/logo-black-512x381-300x223.jpg 300w, https:\/\/shoot33.fr\/wp-content\/uploads\/logo-black-512x381-150x112.jpg 150w, https:\/\/shoot33.fr\/wp-content\/uploads\/logo-black-512x381.jpg 512w\" sizes=\"(max-width: 192px) 100vw, 192px\" \/><\/a><\/p>\n<p>Toutes vos photos fournies en num\u00e9rique Haute D\u00e9finition !<\/p>\n<p>N&rsquo;h\u00e9sitez \u00e0 me contacter par mail : \u00a0\u00a0 <a href=\"mailto:contact@shoot33.fr\">contact@shoot33.fr<\/a><\/p>\n<p>ou bien par t\u00e9l\u00e9phone : \u00a0\u00a0 06.34.08.35.03<\/p>\n<p>ou encore par le formulaire suivant :<\/p>\n\n<div class=\"wpcf7 no-js\" id=\"wpcf7-f16-o1\" lang=\"fr-FR\" dir=\"ltr\">\n<div class=\"screen-reader-response\"><p role=\"status\" aria-live=\"polite\" aria-atomic=\"true\"><\/p> <ul><\/ul><\/div>\n<form action=\"\/index.php\/wp-json\/wp\/v2\/pages\/214#wpcf7-f16-o1\" method=\"post\" class=\"wpcf7-form init\" aria-label=\"Formulaire de contact\" novalidate=\"novalidate\" data-status=\"init\">\n<div style=\"display: none;\">\n<input type=\"hidden\" name=\"_wpcf7\" value=\"16\" \/>\n<input type=\"hidden\" name=\"_wpcf7_version\" value=\"5.7.3\" \/>\n<input type=\"hidden\" name=\"_wpcf7_locale\" value=\"fr_FR\" \/>\n<input type=\"hidden\" name=\"_wpcf7_unit_tag\" value=\"wpcf7-f16-o1\" \/>\n<input type=\"hidden\" name=\"_wpcf7_container_post\" value=\"0\" \/>\n<input type=\"hidden\" name=\"_wpcf7_posted_data_hash\" value=\"\" \/>\n<\/div>\n<p>Votre nom (obligatoire)\n<\/p>\n<p><span class=\"wpcf7-form-control-wrap\" data-name=\"your-name\"><input size=\"40\" class=\"wpcf7-form-control wpcf7-text wpcf7-validates-as-required\" aria-required=\"true\" aria-invalid=\"false\" value=\"\" type=\"text\" name=\"your-name\" \/><\/span>\n<\/p>\n<p>Votre email (obligatoire)\n<\/p>\n<p><span class=\"wpcf7-form-control-wrap\" data-name=\"your-email\"><input size=\"40\" class=\"wpcf7-form-control wpcf7-text wpcf7-email wpcf7-validates-as-required wpcf7-validates-as-email\" aria-required=\"true\" aria-invalid=\"false\" value=\"\" type=\"email\" name=\"your-email\" \/><\/span>\n<\/p>\n<p>Sujet\n<\/p>\n<p><span class=\"wpcf7-form-control-wrap\" data-name=\"your-subject\"><input size=\"40\" class=\"wpcf7-form-control wpcf7-text\" aria-invalid=\"false\" value=\"\" type=\"text\" name=\"your-subject\" \/><\/span>\n<\/p>\n<p>Votre message\n<\/p>\n<p><span class=\"wpcf7-form-control-wrap\" data-name=\"your-message\"><textarea cols=\"40\" rows=\"10\" class=\"wpcf7-form-control wpcf7-textarea\" aria-invalid=\"false\" name=\"your-message\"><\/textarea><\/span>\n<\/p>\n<p><input class=\"wpcf7-form-control has-spinner wpcf7-submit\" type=\"submit\" value=\"Envoyer\" \/>\n<\/p><p style=\"display: none !important;\" class=\"akismet-fields-container\" data-prefix=\"_wpcf7_ak_\"><label>&#916;<textarea name=\"_wpcf7_ak_hp_textarea\" cols=\"45\" rows=\"8\" maxlength=\"100\"><\/textarea><\/label><input type=\"hidden\" id=\"ak_js_1\" name=\"_wpcf7_ak_js\" value=\"185\"\/><script>document.getElementById( \"ak_js_1\" ).setAttribute( \"value\", ( new Date() ).getTime() );<\/script><\/p><div class=\"wpcf7-response-output\" aria-hidden=\"true\"><\/div>\n<\/form>\n<\/div>\n\n<p>Vous pouvez \u00e9galement visiter la page Facebook : \u00a0\u00a0 <a href=\"https:\/\/www.facebook.com\/shoot33.photo\/\">https:\/\/www.facebook.com\/shoot33.photo\/<\/a><\/p>\n<p>Ou le compte Instagram : \u00a0\u00a0 <a href=\"https:\/\/www.instagram.com\/shoot33photo\/\">https:\/\/www.instagram.com\/shoot33photo\/<\/a><\/p>\n<p>A bient\u00f4t, Philippe<\/p>\n","protected":false},"excerpt":{"rendered":"<p>Toutes vos photos fournies en num\u00e9rique Haute D\u00e9finition ! N&rsquo;h\u00e9sitez <a class=\"more-link\" href=\"https:\/\/shoot33.fr\/index.php\/contact\/\">En lire plus &#8230;<\/a><\/p>\n","protected":false},"author":1,"featured_media":0,"parent":0,"menu_order":0,"comment_status":"closed","ping_status":"closed","template":"","meta":{"jetpack_post_was_ever_published":false},"jetpack_shortlink":"https:\/\/wp.me\/P73r74-3s","_links":{"self":[{"href":"https:\/\/shoot33.fr\/index.php\/wp-json\/wp\/v2\/pages\/214"}],"collection":[{"href":"https:\/\/shoot33.fr\/index.php\/wp-json\/wp\/v2\/pages"}],"about":[{"href":"https:\/\/shoot33.fr\/index.php\/wp-json\/wp\/v2\/types\/page"}],"author":[{"embeddable":true,"href":"https:\/\/shoot33.fr\/index.php\/wp-json\/wp\/v2\/users\/1"}],"replies":[{"embeddable":true,"href":"https:\/\/shoot33.fr\/index.php\/wp-json\/wp\/v2\/comments?post=214"}],"version-history":[{"count":15,"href":"https:\/\/shoot33.fr\/index.php\/wp-json\/wp\/v2\/pages\/214\/revisions"}],"predecessor-version":[{"id":1393,"href":"https:\/\/shoot33.fr\/index.php\/wp-json\/wp\/v2\/pages\/214\/revisions\/1393"}],"wp:attachment":[{"href":"https:\/\/shoot33.fr\/index.php\/wp-json\/wp\/v2\/media?parent=214"}],"curies":[{"name":"wp","href":"https:\/\/api.w.org\/{rel}","templated":true}]}}