{"id":212,"date":"2016-03-04T23:44:33","date_gmt":"2016-03-04T22:44:33","guid":{"rendered":"http:\/\/shoot33.fr\/?page_id=212"},"modified":"2017-05-01T21:33:27","modified_gmt":"2017-05-01T20:33:27","slug":"tarifs","status":"publish","type":"page","link":"https:\/\/shoot33.fr\/index.php\/tarifs\/","title":{"rendered":"Tarifs"},"content":{"rendered":"<p>Shoot33 fournit pour l&rsquo;ensemble de ses prestations les clich\u00e9s num\u00e9riques en haute d\u00e9finition. La fourniture des fichiers (au format jpeg g\u00e9n\u00e9ralement 6000&#215;4000 pixels) vous permet ainsi d&rsquo;imprimer par vous-m\u00eame (ou par un service d&rsquo;impression internet) les photos au format papier. Vous pouvez ensuite \u00e0 votre guise dupliquer les photos, les imprimer en grande taille pour un co\u00fbt minimal&#8230; ou tout simplement les publier sur internet.<\/p>\n<p>Le calcul des tarifs Shoot33 est alors principalement bas\u00e9 sur le temps pass\u00e9 sur la prestation (prise de vue et retraitements), plut\u00f4t que sur la vente de produits photos (photo papier, album, cadre photo&#8230;)<\/p>\n<p>Vous trouverez ci-apr\u00e8s une partie des tarifs* de Shoot33 . Pour plus de d\u00e9tails, et pour des prestations sur-mesure, n&rsquo;h\u00e9sitez pas \u00e0 me <a href=\"http:\/\/shoot33.fr\/index.php\/contact\/\">contacter<\/a>.<\/p>\n<h3>S\u00e9ance photo : (individuel, famille, moto, grossesse\/nouveau-n\u00e9&#8230;)<\/h3>\n<p style=\"padding-left: 30px;\">Prise de vue de 45 minutes : 79 \u20ac (15 \u00e0 20 photos**)<\/p>\n<p style=\"padding-left: 30px;\">Prise de vue de 1h30 : 139 \u20ac (30 \u00e0 40 photos**)<\/p>\n<p style=\"padding-left: 30px;\">La s\u00e9ance peut aussi bien avoir lieu en ext\u00e9rieur qu&rsquo;en int\u00e9rieur \u00e0 domicile avec l&rsquo;apport de mat\u00e9riels de studio photo.<\/p>\n<h3>Mariage :<\/h3>\n<p style=\"padding-left: 30px;\">Les tarifs sont li\u00e9s \u00e0 la prestation souhait\u00e9e :<\/p>\n<p style=\"padding-left: 60px;\">pr\u00e9paration \/ coiffure \/ maquillage \/ habillage<\/p>\n<p style=\"padding-left: 60px;\">c\u00e9r\u00e9monie \u00e0 la mairie (et c\u00e9r\u00e9monie religieuse)<\/p>\n<p style=\"padding-left: 60px;\">photos de couple (le jour du mariage)<\/p>\n<p style=\"padding-left: 60px;\">photos de groupe et invit\u00e9s<\/p>\n<p style=\"padding-left: 60px;\">vin d&rsquo;honneur<\/p>\n<p style=\"padding-left: 60px;\">d\u00e9but soir\u00e9e&#8230;<\/p>\n<p style=\"padding-left: 30px;\">ou encore :<\/p>\n<p style=\"padding-left: 60px;\">shooting de couple, avant ou apr\u00e8s le mariage, en tenue (dune du pyla, Bordeaux, &#8230;)<\/p>\n<p style=\"padding-left: 60px;\">shooting \u00ab\u00a0engagement\/fian\u00e7ailles\u00a0\u00bb<\/p>\n<p style=\"padding-left: 60px;\">photo-reportage \u00ab\u00a0enterrement de vie de jeune-fille\/gar\u00e7on\u00a0\u00bb&#8230;<\/p>\n<p style=\"padding-left: 30px;\">Les tarifs d\u00e9butent \u00e0 partir de 249\u20ac. Pour un tarif au plus juste, n&rsquo;h\u00e9sitez pas \u00e0 me <a href=\"http:\/\/shoot33.fr\/index.php\/contact\/\">contacter<\/a>.<\/p>\n<h3>Autres projets : couverture d&rsquo;un \u00e9v\u00e9nement, photo a\u00e9rienne, formation, photo 3D, photo d&rsquo;entreprise, photo publicitaire de produits &#8230;<\/h3>\n<p>La prestation est \u00e0 d\u00e9finir ensemble, pour pouvoir ensuite \u00e9tablir un devis au juste besoin (<a href=\"http:\/\/shoot33.fr\/index.php\/contact\/\">Contact<\/a>).<\/p>\n<p>&nbsp;<\/p>\n<p>Il faut noter que\u00a0les tarifs comprennent bien naturellement les activit\u00e9s de prises de vue mais \u00e9galement le travail de retraitement des photos (compensation d&rsquo;exposition, balance des blancs, recadrage&#8230;)\u00a0 et si besoin de retouche (suppression de petits boutons disgracieux, d&rsquo;un \u00e9l\u00e9ment g\u00eanant de la sc\u00e8ne &#8230;). Les photos sont fournies g\u00e9n\u00e9ralement au format jpeg en 6000&#215;4000 pixels (sauf lors de recadrage). Bien que Shoot33 fournisse principalement les photos sous forme num\u00e9rique, je peux r\u00e9aliser \u00e0 votre demande les tirages sur papier photo.<\/p>\n<p>* Les tarifs sont calcul\u00e9s sur la base d&rsquo;un d\u00e9placement sur Bordeaux centre. Pour des prestations sur-mesure, n&rsquo;h\u00e9sitez pas \u00e0 me <a href=\"http:\/\/shoot33.fr\/index.php\/contact\/\">contacter<\/a>.<\/p>\n<p>** photos transmises au client. Nombres donn\u00e9s \u00e0 titre indicatif et tributaire des conditions\/demandes de prise de vue souhait\u00e9es par le client.<\/p>\n","protected":false},"excerpt":{"rendered":"<p>Shoot33 fournit pour l&rsquo;ensemble de ses prestations les clich\u00e9s num\u00e9riques <a class=\"more-link\" href=\"https:\/\/shoot33.fr\/index.php\/tarifs\/\">En lire plus &#8230;<\/a><\/p>\n","protected":false},"author":1,"featured_media":0,"parent":0,"menu_order":0,"comment_status":"closed","ping_status":"closed","template":"","meta":{"jetpack_post_was_ever_published":false},"jetpack_shortlink":"https:\/\/wp.me\/P73r74-3q","_links":{"self":[{"href":"https:\/\/shoot33.fr\/index.php\/wp-json\/wp\/v2\/pages\/212"}],"collection":[{"href":"https:\/\/shoot33.fr\/index.php\/wp-json\/wp\/v2\/pages"}],"about":[{"href":"https:\/\/shoot33.fr\/index.php\/wp-json\/wp\/v2\/types\/page"}],"author":[{"embeddable":true,"href":"https:\/\/shoot33.fr\/index.php\/wp-json\/wp\/v2\/users\/1"}],"replies":[{"embeddable":true,"href":"https:\/\/shoot33.fr\/index.php\/wp-json\/wp\/v2\/comments?post=212"}],"version-history":[{"count":26,"href":"https:\/\/shoot33.fr\/index.php\/wp-json\/wp\/v2\/pages\/212\/revisions"}],"predecessor-version":[{"id":1271,"href":"https:\/\/shoot33.fr\/index.php\/wp-json\/wp\/v2\/pages\/212\/revisions\/1271"}],"wp:attachment":[{"href":"https:\/\/shoot33.fr\/index.php\/wp-json\/wp\/v2\/media?parent=212"}],"curies":[{"name":"wp","href":"https:\/\/api.w.org\/{rel}","templated":true}]}}