{"id":208,"date":"2016-03-04T23:43:57","date_gmt":"2016-03-04T22:43:57","guid":{"rendered":"http:\/\/shoot33.fr\/?page_id=208"},"modified":"2017-03-11T22:35:49","modified_gmt":"2017-03-11T21:35:49","slug":"evenementiel","status":"publish","type":"page","link":"https:\/\/shoot33.fr\/index.php\/evenementiel\/","title":{"rendered":"\u00c9v\u00e9nementiel"},"content":{"rendered":"<p>Shoot33 propose \u00e9galement de couvrir vos \u00e9v\u00e9nements.<\/p>\n<p>Je vous encourage \u00e0 me\u00a0<a href=\"http:\/\/shoot33.fr\/index.php\/contact\/\">contacter<\/a> pour d\u00e9finir la prestation qui colle au mieux \u00e0 vos attentes et \u00e0 votre budget.<\/p>\n<p>Trouverez ci-apr\u00e8s des exemples d&rsquo;\u00e9v\u00e9nements suivis par Shoot33 :<\/p>\n<p style=\"padding-left: 30px;\"><a href=\"http:\/\/shoot33.fr\/index.php\/evenementiel\/moto\/\">Promotions : \u00c9v\u00e9nements moto<\/a><\/p>\n<p style=\"padding-left: 30px;\"><a href=\"http:\/\/shoot33.fr\/index.php\/evenementiel\/innovation\/\">Innovation<\/a><\/p>\n<p style=\"padding-left: 30px;\"><a href=\"http:\/\/shoot33.fr\/index.php\/evenementiel\/concert-orchestre-symphonique\/\">Concert orchestre symphonique<\/a><\/p>\n<p style=\"padding-left: 30px;\"><a href=\"http:\/\/shoot33.fr\/index.php\/evenementiel\/groupe-de-musique\/\">R\u00e9p\u00e9tition groupe de musique<\/a><\/p>\n","protected":false},"excerpt":{"rendered":"<p>Shoot33 propose \u00e9galement de couvrir vos \u00e9v\u00e9nements. Je vous encourage <a class=\"more-link\" href=\"https:\/\/shoot33.fr\/index.php\/evenementiel\/\">En lire plus &#8230;<\/a><\/p>\n","protected":false},"author":1,"featured_media":0,"parent":0,"menu_order":0,"comment_status":"closed","ping_status":"closed","template":"","meta":{"jetpack_post_was_ever_published":false},"jetpack_shortlink":"https:\/\/wp.me\/P73r74-3m","_links":{"self":[{"href":"https:\/\/shoot33.fr\/index.php\/wp-json\/wp\/v2\/pages\/208"}],"collection":[{"href":"https:\/\/shoot33.fr\/index.php\/wp-json\/wp\/v2\/pages"}],"about":[{"href":"https:\/\/shoot33.fr\/index.php\/wp-json\/wp\/v2\/types\/page"}],"author":[{"embeddable":true,"href":"https:\/\/shoot33.fr\/index.php\/wp-json\/wp\/v2\/users\/1"}],"replies":[{"embeddable":true,"href":"https:\/\/shoot33.fr\/index.php\/wp-json\/wp\/v2\/comments?post=208"}],"version-history":[{"count":6,"href":"https:\/\/shoot33.fr\/index.php\/wp-json\/wp\/v2\/pages\/208\/revisions"}],"predecessor-version":[{"id":1248,"href":"https:\/\/shoot33.fr\/index.php\/wp-json\/wp\/v2\/pages\/208\/revisions\/1248"}],"wp:attachment":[{"href":"https:\/\/shoot33.fr\/index.php\/wp-json\/wp\/v2\/media?parent=208"}],"curies":[{"name":"wp","href":"https:\/\/api.w.org\/{rel}","templated":true}]}}