{"id":202,"date":"2016-03-04T23:40:38","date_gmt":"2016-03-04T22:40:38","guid":{"rendered":"http:\/\/shoot33.fr\/?page_id=202"},"modified":"2017-03-14T21:46:39","modified_gmt":"2017-03-14T20:46:39","slug":"photo-technique","status":"publish","type":"page","link":"https:\/\/shoot33.fr\/index.php\/photo-technique\/","title":{"rendered":"Photo technique"},"content":{"rendered":"<p>Shoot33 sait \u00e9galement vous proposer des prestations tr\u00e8s techniques, mettant en \u0153uvre des savoirs sp\u00e9cifiques :<\/p>\n<p style=\"padding-left: 30px;\"><a href=\"http:\/\/shoot33.fr\/index.php\/photo-technique\/photo-aerienne\/\">Photo a\u00e9rienne<\/a><\/p>\n<p style=\"padding-left: 30px;\"><a href=\"http:\/\/shoot33.fr\/index.php\/photo-technique\/rendu-3d\/\">Rendu 3D<\/a><\/p>\n<p style=\"padding-left: 30px;\"><a href=\"http:\/\/shoot33.fr\/index.php\/panoramique\/\">Panoramique<\/a><\/p>\n<p style=\"padding-left: 30px;\">&#8230;<\/p>\n<p>N&rsquo;h\u00e9sitez pas \u00e0 me\u00a0<a href=\"http:\/\/shoot33.fr\/index.php\/contact\/\">contacter<\/a> pour de ce type de prestations afin d&rsquo;\u00e9tudier la faisabilit\u00e9.<\/p>\n","protected":false},"excerpt":{"rendered":"<p>Shoot33 sait \u00e9galement vous proposer des prestations tr\u00e8s techniques, mettant <a class=\"more-link\" href=\"https:\/\/shoot33.fr\/index.php\/photo-technique\/\">En lire plus &#8230;<\/a><\/p>\n","protected":false},"author":1,"featured_media":0,"parent":0,"menu_order":0,"comment_status":"closed","ping_status":"closed","template":"","meta":{"jetpack_post_was_ever_published":false},"jetpack_shortlink":"https:\/\/wp.me\/P73r74-3g","_links":{"self":[{"href":"https:\/\/shoot33.fr\/index.php\/wp-json\/wp\/v2\/pages\/202"}],"collection":[{"href":"https:\/\/shoot33.fr\/index.php\/wp-json\/wp\/v2\/pages"}],"about":[{"href":"https:\/\/shoot33.fr\/index.php\/wp-json\/wp\/v2\/types\/page"}],"author":[{"embeddable":true,"href":"https:\/\/shoot33.fr\/index.php\/wp-json\/wp\/v2\/users\/1"}],"replies":[{"embeddable":true,"href":"https:\/\/shoot33.fr\/index.php\/wp-json\/wp\/v2\/comments?post=202"}],"version-history":[{"count":6,"href":"https:\/\/shoot33.fr\/index.php\/wp-json\/wp\/v2\/pages\/202\/revisions"}],"predecessor-version":[{"id":1267,"href":"https:\/\/shoot33.fr\/index.php\/wp-json\/wp\/v2\/pages\/202\/revisions\/1267"}],"wp:attachment":[{"href":"https:\/\/shoot33.fr\/index.php\/wp-json\/wp\/v2\/media?parent=202"}],"curies":[{"name":"wp","href":"https:\/\/api.w.org\/{rel}","templated":true}]}}