{"id":199,"date":"2016-03-04T23:38:40","date_gmt":"2016-03-04T22:38:40","guid":{"rendered":"http:\/\/shoot33.fr\/?page_id=199"},"modified":"2017-05-01T21:35:04","modified_gmt":"2017-05-01T20:35:04","slug":"mariage","status":"publish","type":"page","link":"https:\/\/shoot33.fr\/index.php\/mariage\/","title":{"rendered":"Mariage"},"content":{"rendered":"<p>Shoot33 est sp\u00e9cialis\u00e9 dans le photo-reportage de mariage. La prestation assur\u00e9 par Shoot33 est compl\u00e9tement modulable en fonction de vos envies et de votre budget.<\/p>\n<p>N\u2019h\u00e9sitez pas \u00e0 me <a href=\"http:\/\/shoot33.fr\/index.php\/contact\/\">contacter <\/a>pour \u00e9tablir ensemble le d\u00e9roulement de la journ\u00e9e et la couverture photo souhait\u00e9e :<\/p>\n<p style=\"padding-left: 60px;\">pr\u00e9paration \/ coiffure \/ maquillage \/ habillage<\/p>\n<p style=\"padding-left: 60px;\">c\u00e9r\u00e9monie \u00e0 la mairie (et c\u00e9r\u00e9monie religieuse)<\/p>\n<p style=\"padding-left: 60px;\">photos de couple (le jour du mariage)<\/p>\n<p style=\"padding-left: 60px;\">photos de groupe et invit\u00e9s<\/p>\n<p style=\"padding-left: 60px;\">vin d\u2019honneur<\/p>\n<p style=\"padding-left: 60px;\">d\u00e9but soir\u00e9e\u2026<\/p>\n<p style=\"padding-left: 30px;\">ou encore :<\/p>\n<p style=\"padding-left: 60px;\">shooting de couple, avant ou apr\u00e8s le mariage, en tenue (dune du pyla, Bordeaux, \u2026)<\/p>\n<p style=\"padding-left: 60px;\">shooting \u00ab\u00a0engagement\/fian\u00e7ailles\u00a0\u00bb<\/p>\n<p style=\"padding-left: 60px;\">photo-reportage \u00ab\u00a0enterrement de vie de jeune-fille\/gar\u00e7on\u00a0\u00bb&#8230;<\/p>\n<p style=\"padding-left: 30px;\">Les tarifs d\u00e9butent \u00e0 partir de 249\u20ac. Pour un tarif au plus juste, n\u2019h\u00e9sitez pas \u00e0 me <a href=\"http:\/\/shoot33.fr\/index.php\/contact\/\">contacter<\/a>.<\/p>\n<div class=\"tiled-gallery type-rectangular tiled-gallery-unresized\" data-original-width=\"860\" data-carousel-extra='{&quot;blog_id&quot;:1,&quot;permalink&quot;:&quot;https:\\\/\\\/shoot33.fr\\\/index.php\\\/mariage\\\/&quot;,&quot;likes_blog_id&quot;:104253562}' itemscope itemtype=\"http:\/\/schema.org\/ImageGallery\" > <div class=\"gallery-row\" style=\"width: 860px; height: 303px;\" data-original-width=\"860\" data-original-height=\"303\" > <div class=\"gallery-group images-1\" style=\"width: 204px; height: 303px;\" data-original-width=\"204\" data-original-height=\"303\" > <div class=\"tiled-gallery-item tiled-gallery-item-small\" itemprop=\"associatedMedia\" itemscope itemtype=\"http:\/\/schema.org\/ImageObject\"> <a href=\"https:\/\/shoot33.fr\/index.php\/mariage\/mariage-1\/img_0862_web\/#main\" border=\"0\" itemprop=\"url\"> <meta itemprop=\"width\" content=\"200\"> <meta itemprop=\"height\" content=\"299\"> <img data-attachment-id=\"166\" data-orig-file=\"https:\/\/shoot33.fr\/wp-content\/uploads\/IMG_0862_Web.jpg\" data-orig-size=\"1365,2048\" data-comments-opened=\"1\" data-image-meta=\"{&quot;aperture&quot;:&quot;2.8&quot;,&quot;credit&quot;:&quot;AUGEREAU Philippe&quot;,&quot;camera&quot;:&quot;Canon EOS 760D&quot;,&quot;caption&quot;:&quot;&quot;,&quot;created_timestamp&quot;:&quot;1443885019&quot;,&quot;copyright&quot;:&quot;Tous droits reserves. Contacter l\\u0027auteur pour toute utilisation&quot;,&quot;focal_length&quot;:&quot;50&quot;,&quot;iso&quot;:&quot;1250&quot;,&quot;shutter_speed&quot;:&quot;0.005&quot;,&quot;title&quot;:&quot;&quot;,&quot;orientation&quot;:&quot;1&quot;}\" data-image-title=\"IMG_0862_Web\" data-image-description=\"\" data-medium-file=\"https:\/\/shoot33.fr\/wp-content\/uploads\/IMG_0862_Web-200x300.jpg\" data-large-file=\"https:\/\/shoot33.fr\/wp-content\/uploads\/IMG_0862_Web-683x1024.jpg\" src=\"https:\/\/i0.wp.com\/shoot33.fr\/wp-content\/uploads\/IMG_0862_Web.jpg?w=200&#038;h=299&#038;ssl=1\" width=\"200\" height=\"299\" data-original-width=\"200\" data-original-height=\"299\" itemprop=\"http:\/\/schema.org\/image\" title=\"IMG_0862_Web\" alt=\"IMG_0862_Web\" style=\"width: 200px; height: 299px;\" \/> <\/a> <\/div> <\/div> <!-- close group --> <div class=\"gallery-group images-1\" style=\"width: 453px; height: 303px;\" data-original-width=\"453\" data-original-height=\"303\" > <div class=\"tiled-gallery-item tiled-gallery-item-large\" itemprop=\"associatedMedia\" itemscope itemtype=\"http:\/\/schema.org\/ImageObject\"> <a href=\"https:\/\/shoot33.fr\/index.php\/mariage\/mariage-1\/img_1871_web\/#main\" border=\"0\" itemprop=\"url\"> <meta itemprop=\"width\" content=\"449\"> <meta itemprop=\"height\" content=\"299\"> <img data-attachment-id=\"148\" data-orig-file=\"https:\/\/shoot33.fr\/wp-content\/uploads\/IMG_1871_Web.jpg\" data-orig-size=\"2048,1365\" data-comments-opened=\"1\" data-image-meta=\"{&quot;aperture&quot;:&quot;2.8&quot;,&quot;credit&quot;:&quot;AUGEREAU Philippe&quot;,&quot;camera&quot;:&quot;Canon EOS 760D&quot;,&quot;caption&quot;:&quot;&quot;,&quot;created_timestamp&quot;:&quot;1443899612&quot;,&quot;copyright&quot;:&quot;Tous droits reserves. Contacter l\\u0027auteur pour toute utilisation&quot;,&quot;focal_length&quot;:&quot;24&quot;,&quot;iso&quot;:&quot;2000&quot;,&quot;shutter_speed&quot;:&quot;0.0025&quot;,&quot;title&quot;:&quot;&quot;,&quot;orientation&quot;:&quot;1&quot;}\" data-image-title=\"IMG_1871_Web\" data-image-description=\"\" data-medium-file=\"https:\/\/shoot33.fr\/wp-content\/uploads\/IMG_1871_Web-300x200.jpg\" data-large-file=\"https:\/\/shoot33.fr\/wp-content\/uploads\/IMG_1871_Web-1024x683.jpg\" src=\"https:\/\/i0.wp.com\/shoot33.fr\/wp-content\/uploads\/IMG_1871_Web.jpg?w=449&#038;h=299&#038;ssl=1\" width=\"449\" height=\"299\" data-original-width=\"449\" data-original-height=\"299\" itemprop=\"http:\/\/schema.org\/image\" title=\"IMG_1871_Web\" alt=\"IMG_1871_Web\" style=\"width: 449px; height: 299px;\" \/> <\/a> <\/div> <\/div> <!-- close group --> <div class=\"gallery-group images-1\" style=\"width: 203px; height: 303px;\" data-original-width=\"203\" data-original-height=\"303\" > <div class=\"tiled-gallery-item tiled-gallery-item-small\" itemprop=\"associatedMedia\" itemscope itemtype=\"http:\/\/schema.org\/ImageObject\"> <a href=\"https:\/\/shoot33.fr\/index.php\/mariage\/mariage-1\/img_1135_web\/#main\" border=\"0\" itemprop=\"url\"> <meta itemprop=\"width\" content=\"199\"> <meta itemprop=\"height\" content=\"299\"> <img data-attachment-id=\"122\" data-orig-file=\"https:\/\/shoot33.fr\/wp-content\/uploads\/IMG_1135_Web.jpg\" data-orig-size=\"1365,2048\" data-comments-opened=\"1\" data-image-meta=\"{&quot;aperture&quot;:&quot;5&quot;,&quot;credit&quot;:&quot;AUGEREAU Philippe&quot;,&quot;camera&quot;:&quot;Canon EOS 760D&quot;,&quot;caption&quot;:&quot;&quot;,&quot;created_timestamp&quot;:&quot;1443890744&quot;,&quot;copyright&quot;:&quot;Tous droits reserves. Contacter l\\u0027auteur pour toute utilisation&quot;,&quot;focal_length&quot;:&quot;125&quot;,&quot;iso&quot;:&quot;640&quot;,&quot;shutter_speed&quot;:&quot;0.005&quot;,&quot;title&quot;:&quot;&quot;,&quot;orientation&quot;:&quot;1&quot;}\" data-image-title=\"IMG_1135_Web\" data-image-description=\"\" data-medium-file=\"https:\/\/shoot33.fr\/wp-content\/uploads\/IMG_1135_Web-200x300.jpg\" data-large-file=\"https:\/\/shoot33.fr\/wp-content\/uploads\/IMG_1135_Web-683x1024.jpg\" src=\"https:\/\/i0.wp.com\/shoot33.fr\/wp-content\/uploads\/IMG_1135_Web.jpg?w=199&#038;h=299&#038;ssl=1\" width=\"199\" height=\"299\" data-original-width=\"199\" data-original-height=\"299\" itemprop=\"http:\/\/schema.org\/image\" title=\"IMG_1135_Web\" alt=\"IMG_1135_Web\" style=\"width: 199px; height: 299px;\" \/> <\/a> <\/div> <\/div> <!-- close group --> <\/div> <!-- close row --> <div class=\"gallery-row\" style=\"width: 860px; height: 397px;\" data-original-width=\"860\" data-original-height=\"397\" > <div class=\"gallery-group images-1\" style=\"width: 594px; height: 397px;\" data-original-width=\"594\" data-original-height=\"397\" > <div class=\"tiled-gallery-item tiled-gallery-item-large\" itemprop=\"associatedMedia\" itemscope itemtype=\"http:\/\/schema.org\/ImageObject\"> <a href=\"https:\/\/shoot33.fr\/index.php\/mariage\/mariage-1\/img_0833_web\/#main\" border=\"0\" itemprop=\"url\"> <meta itemprop=\"width\" content=\"590\"> <meta itemprop=\"height\" content=\"393\"> <img data-attachment-id=\"162\" data-orig-file=\"https:\/\/shoot33.fr\/wp-content\/uploads\/IMG_0833_Web.jpg\" data-orig-size=\"2048,1365\" data-comments-opened=\"1\" data-image-meta=\"{&quot;aperture&quot;:&quot;2.8&quot;,&quot;credit&quot;:&quot;AUGEREAU Philippe&quot;,&quot;camera&quot;:&quot;Canon EOS 760D&quot;,&quot;caption&quot;:&quot;&quot;,&quot;created_timestamp&quot;:&quot;1443884846&quot;,&quot;copyright&quot;:&quot;Tous droits reserves. Contacter l\\u0027auteur pour toute utilisation&quot;,&quot;focal_length&quot;:&quot;50&quot;,&quot;iso&quot;:&quot;1000&quot;,&quot;shutter_speed&quot;:&quot;0.005&quot;,&quot;title&quot;:&quot;&quot;,&quot;orientation&quot;:&quot;1&quot;}\" data-image-title=\"IMG_0833_Web\" data-image-description=\"\" data-medium-file=\"https:\/\/shoot33.fr\/wp-content\/uploads\/IMG_0833_Web-300x200.jpg\" data-large-file=\"https:\/\/shoot33.fr\/wp-content\/uploads\/IMG_0833_Web-1024x683.jpg\" src=\"https:\/\/i0.wp.com\/shoot33.fr\/wp-content\/uploads\/IMG_0833_Web.jpg?w=590&#038;h=393&#038;ssl=1\" width=\"590\" height=\"393\" data-original-width=\"590\" data-original-height=\"393\" itemprop=\"http:\/\/schema.org\/image\" title=\"IMG_0833_Web\" alt=\"IMG_0833_Web\" style=\"width: 590px; height: 393px;\" \/> <\/a> <\/div> <\/div> <!-- close group --> <div class=\"gallery-group images-1\" style=\"width: 266px; height: 397px;\" data-original-width=\"266\" data-original-height=\"397\" > <div class=\"tiled-gallery-item tiled-gallery-item-large\" itemprop=\"associatedMedia\" itemscope itemtype=\"http:\/\/schema.org\/ImageObject\"> <a href=\"https:\/\/shoot33.fr\/index.php\/mariage\/mariage-1\/img_1330_web\/#main\" border=\"0\" itemprop=\"url\"> <meta itemprop=\"width\" content=\"262\"> <meta itemprop=\"height\" content=\"393\"> <img data-attachment-id=\"127\" data-orig-file=\"https:\/\/shoot33.fr\/wp-content\/uploads\/IMG_1330_Web.jpg\" data-orig-size=\"1365,2048\" data-comments-opened=\"1\" data-image-meta=\"{&quot;aperture&quot;:&quot;2.8&quot;,&quot;credit&quot;:&quot;AUGEREAU Philippe&quot;,&quot;camera&quot;:&quot;Canon EOS 760D&quot;,&quot;caption&quot;:&quot;&quot;,&quot;created_timestamp&quot;:&quot;1443893350&quot;,&quot;copyright&quot;:&quot;Tous droits reserves. Contacter l\\u0027auteur pour toute utilisation&quot;,&quot;focal_length&quot;:&quot;24&quot;,&quot;iso&quot;:&quot;4000&quot;,&quot;shutter_speed&quot;:&quot;0.005&quot;,&quot;title&quot;:&quot;&quot;,&quot;orientation&quot;:&quot;1&quot;}\" data-image-title=\"IMG_1330_Web\" data-image-description=\"\" data-medium-file=\"https:\/\/shoot33.fr\/wp-content\/uploads\/IMG_1330_Web-200x300.jpg\" data-large-file=\"https:\/\/shoot33.fr\/wp-content\/uploads\/IMG_1330_Web-683x1024.jpg\" src=\"https:\/\/i0.wp.com\/shoot33.fr\/wp-content\/uploads\/IMG_1330_Web.jpg?w=262&#038;h=393&#038;ssl=1\" width=\"262\" height=\"393\" data-original-width=\"262\" data-original-height=\"393\" itemprop=\"http:\/\/schema.org\/image\" title=\"IMG_1330_Web\" alt=\"IMG_1330_Web\" style=\"width: 262px; height: 393px;\" \/> <\/a> <\/div> <\/div> <!-- close group --> <\/div> <!-- close row --> <div class=\"gallery-row\" style=\"width: 860px; height: 400px;\" data-original-width=\"860\" data-original-height=\"400\" > <div class=\"gallery-group images-1\" style=\"width: 592px; height: 400px;\" data-original-width=\"592\" data-original-height=\"400\" > <div class=\"tiled-gallery-item tiled-gallery-item-large\" itemprop=\"associatedMedia\" itemscope itemtype=\"http:\/\/schema.org\/ImageObject\"> <a href=\"https:\/\/shoot33.fr\/index.php\/mariage\/mariage-1\/img_1345b_web\/#main\" border=\"0\" itemprop=\"url\"> <meta itemprop=\"width\" content=\"588\"> <meta itemprop=\"height\" content=\"396\"> <img data-attachment-id=\"128\" data-orig-file=\"https:\/\/shoot33.fr\/wp-content\/uploads\/IMG_1345b_Web.jpg\" data-orig-size=\"2048,1379\" data-comments-opened=\"1\" data-image-meta=\"{&quot;aperture&quot;:&quot;2.8&quot;,&quot;credit&quot;:&quot;AUGEREAU Philippe&quot;,&quot;camera&quot;:&quot;Canon EOS 760D&quot;,&quot;caption&quot;:&quot;&quot;,&quot;created_timestamp&quot;:&quot;1443893422&quot;,&quot;copyright&quot;:&quot;Tous droits reserves. Contacter l\\u0027auteur pour toute utilisation&quot;,&quot;focal_length&quot;:&quot;24&quot;,&quot;iso&quot;:&quot;6400&quot;,&quot;shutter_speed&quot;:&quot;0.005&quot;,&quot;title&quot;:&quot;&quot;,&quot;orientation&quot;:&quot;1&quot;}\" data-image-title=\"IMG_1345b_Web\" data-image-description=\"\" data-medium-file=\"https:\/\/shoot33.fr\/wp-content\/uploads\/IMG_1345b_Web-300x202.jpg\" data-large-file=\"https:\/\/shoot33.fr\/wp-content\/uploads\/IMG_1345b_Web-1024x690.jpg\" src=\"https:\/\/i0.wp.com\/shoot33.fr\/wp-content\/uploads\/IMG_1345b_Web.jpg?w=588&#038;h=396&#038;ssl=1\" width=\"588\" height=\"396\" data-original-width=\"588\" data-original-height=\"396\" itemprop=\"http:\/\/schema.org\/image\" title=\"IMG_1345b_Web\" alt=\"IMG_1345b_Web\" style=\"width: 588px; height: 396px;\" \/> <\/a> <\/div> <\/div> <!-- close group --> <div class=\"gallery-group images-1\" style=\"width: 268px; height: 400px;\" data-original-width=\"268\" data-original-height=\"400\" > <div class=\"tiled-gallery-item tiled-gallery-item-large\" itemprop=\"associatedMedia\" itemscope itemtype=\"http:\/\/schema.org\/ImageObject\"> <a href=\"https:\/\/shoot33.fr\/index.php\/mariage\/mariage-1\/img_1557b_web\/#main\" border=\"0\" itemprop=\"url\"> <meta itemprop=\"width\" content=\"264\"> <meta itemprop=\"height\" content=\"396\"> <img data-attachment-id=\"136\" data-orig-file=\"https:\/\/shoot33.fr\/wp-content\/uploads\/IMG_1557b_Web.jpg\" data-orig-size=\"1368,2048\" data-comments-opened=\"1\" data-image-meta=\"{&quot;aperture&quot;:&quot;2.8&quot;,&quot;credit&quot;:&quot;AUGEREAU Philippe&quot;,&quot;camera&quot;:&quot;Canon EOS 760D&quot;,&quot;caption&quot;:&quot;&quot;,&quot;created_timestamp&quot;:&quot;1443895443&quot;,&quot;copyright&quot;:&quot;Tous droits reserves. Contacter l\\u0027auteur pour toute utilisation&quot;,&quot;focal_length&quot;:&quot;50&quot;,&quot;iso&quot;:&quot;100&quot;,&quot;shutter_speed&quot;:&quot;0.00125&quot;,&quot;title&quot;:&quot;&quot;,&quot;orientation&quot;:&quot;1&quot;}\" data-image-title=\"IMG_1557b_Web\" data-image-description=\"\" data-medium-file=\"https:\/\/shoot33.fr\/wp-content\/uploads\/IMG_1557b_Web-200x300.jpg\" data-large-file=\"https:\/\/shoot33.fr\/wp-content\/uploads\/IMG_1557b_Web-684x1024.jpg\" src=\"https:\/\/i0.wp.com\/shoot33.fr\/wp-content\/uploads\/IMG_1557b_Web.jpg?w=264&#038;h=396&#038;ssl=1\" width=\"264\" height=\"396\" data-original-width=\"264\" data-original-height=\"396\" itemprop=\"http:\/\/schema.org\/image\" title=\"IMG_1557b_Web\" alt=\"IMG_1557b_Web\" style=\"width: 264px; height: 396px;\" \/> <\/a> <\/div> <\/div> <!-- close group --> <\/div> <!-- close row --> <div class=\"gallery-row\" style=\"width: 860px; height: 607px;\" data-original-width=\"860\" data-original-height=\"607\" > <div class=\"gallery-group images-1\" style=\"width: 406px; height: 607px;\" data-original-width=\"406\" data-original-height=\"607\" > <div class=\"tiled-gallery-item tiled-gallery-item-large\" itemprop=\"associatedMedia\" itemscope itemtype=\"http:\/\/schema.org\/ImageObject\"> <a href=\"https:\/\/shoot33.fr\/index.php\/mariage\/mariage-1\/img_1691_web\/#main\" border=\"0\" itemprop=\"url\"> <meta itemprop=\"width\" content=\"402\"> <meta itemprop=\"height\" content=\"603\"> <img data-attachment-id=\"142\" data-orig-file=\"https:\/\/shoot33.fr\/wp-content\/uploads\/IMG_1691_Web.jpg\" data-orig-size=\"1365,2048\" data-comments-opened=\"1\" data-image-meta=\"{&quot;aperture&quot;:&quot;2.8&quot;,&quot;credit&quot;:&quot;AUGEREAU Philippe&quot;,&quot;camera&quot;:&quot;Canon EOS 760D&quot;,&quot;caption&quot;:&quot;&quot;,&quot;created_timestamp&quot;:&quot;1443897412&quot;,&quot;copyright&quot;:&quot;Tous droits reserves. Contacter l\\u0027auteur pour toute utilisation&quot;,&quot;focal_length&quot;:&quot;24&quot;,&quot;iso&quot;:&quot;1250&quot;,&quot;shutter_speed&quot;:&quot;0.025&quot;,&quot;title&quot;:&quot;&quot;,&quot;orientation&quot;:&quot;1&quot;}\" data-image-title=\"IMG_1691_Web\" data-image-description=\"\" data-medium-file=\"https:\/\/shoot33.fr\/wp-content\/uploads\/IMG_1691_Web-200x300.jpg\" data-large-file=\"https:\/\/shoot33.fr\/wp-content\/uploads\/IMG_1691_Web-683x1024.jpg\" src=\"https:\/\/i0.wp.com\/shoot33.fr\/wp-content\/uploads\/IMG_1691_Web.jpg?w=402&#038;h=603&#038;ssl=1\" width=\"402\" height=\"603\" data-original-width=\"402\" data-original-height=\"603\" itemprop=\"http:\/\/schema.org\/image\" title=\"IMG_1691_Web\" alt=\"IMG_1691_Web\" style=\"width: 402px; height: 603px;\" \/> <\/a> <\/div> <\/div> <!-- close group --> <div class=\"gallery-group images-2\" style=\"width: 454px; height: 607px;\" data-original-width=\"454\" data-original-height=\"607\" > <div class=\"tiled-gallery-item tiled-gallery-item-large\" itemprop=\"associatedMedia\" itemscope itemtype=\"http:\/\/schema.org\/ImageObject\"> <a href=\"https:\/\/shoot33.fr\/img_6407_dxo80_web\/\" border=\"0\" itemprop=\"url\"> <meta itemprop=\"width\" content=\"450\"> <meta itemprop=\"height\" content=\"300\"> <img data-attachment-id=\"188\" data-orig-file=\"https:\/\/shoot33.fr\/wp-content\/uploads\/IMG_6407_DxO80_Web.jpg\" data-orig-size=\"2048,1362\" data-comments-opened=\"1\" data-image-meta=\"{&quot;aperture&quot;:&quot;1.8&quot;,&quot;credit&quot;:&quot;AUGEREAU Philippe&quot;,&quot;camera&quot;:&quot;Canon EOS 760D&quot;,&quot;caption&quot;:&quot;&quot;,&quot;created_timestamp&quot;:&quot;1452360484&quot;,&quot;copyright&quot;:&quot;Tous droits reserves. Contacter l\\u0027auteur pour toute utilisation&quot;,&quot;focal_length&quot;:&quot;50&quot;,&quot;iso&quot;:&quot;4000&quot;,&quot;shutter_speed&quot;:&quot;0.01&quot;,&quot;title&quot;:&quot;&quot;,&quot;orientation&quot;:&quot;1&quot;}\" data-image-title=\"IMG_6407_DxO80_Web\" data-image-description=\"\" data-medium-file=\"https:\/\/shoot33.fr\/wp-content\/uploads\/IMG_6407_DxO80_Web-300x200.jpg\" data-large-file=\"https:\/\/shoot33.fr\/wp-content\/uploads\/IMG_6407_DxO80_Web-1024x681.jpg\" src=\"https:\/\/i0.wp.com\/shoot33.fr\/wp-content\/uploads\/IMG_6407_DxO80_Web.jpg?w=450&#038;h=300&#038;ssl=1\" width=\"450\" height=\"300\" data-original-width=\"450\" data-original-height=\"300\" itemprop=\"http:\/\/schema.org\/image\" title=\"IMG_6407_DxO80_Web\" alt=\"IMG_6407_DxO80_Web\" style=\"width: 450px; height: 300px;\" \/> <\/a> <\/div> <div class=\"tiled-gallery-item tiled-gallery-item-large\" itemprop=\"associatedMedia\" itemscope itemtype=\"http:\/\/schema.org\/ImageObject\"> <a href=\"https:\/\/shoot33.fr\/img_7066_dxo80_web\/\" border=\"0\" itemprop=\"url\"> <meta itemprop=\"width\" content=\"450\"> <meta itemprop=\"height\" content=\"299\"> <img data-attachment-id=\"173\" data-orig-file=\"https:\/\/shoot33.fr\/wp-content\/uploads\/IMG_7066_DxO80_Web.jpg\" data-orig-size=\"2048,1362\" data-comments-opened=\"1\" data-image-meta=\"{&quot;aperture&quot;:&quot;1.8&quot;,&quot;credit&quot;:&quot;AUGEREAU Philippe&quot;,&quot;camera&quot;:&quot;Canon EOS 760D&quot;,&quot;caption&quot;:&quot;&quot;,&quot;created_timestamp&quot;:&quot;1452371020&quot;,&quot;copyright&quot;:&quot;Tous droits reserves. Contacter l\\u0027auteur pour toute utilisation&quot;,&quot;focal_length&quot;:&quot;50&quot;,&quot;iso&quot;:&quot;6400&quot;,&quot;shutter_speed&quot;:&quot;0.005&quot;,&quot;title&quot;:&quot;&quot;,&quot;orientation&quot;:&quot;1&quot;}\" data-image-title=\"IMG_7066_DxO80_Web\" data-image-description=\"\" data-medium-file=\"https:\/\/shoot33.fr\/wp-content\/uploads\/IMG_7066_DxO80_Web-300x200.jpg\" data-large-file=\"https:\/\/shoot33.fr\/wp-content\/uploads\/IMG_7066_DxO80_Web-1024x681.jpg\" src=\"https:\/\/i0.wp.com\/shoot33.fr\/wp-content\/uploads\/IMG_7066_DxO80_Web.jpg?w=450&#038;h=299&#038;ssl=1\" width=\"450\" height=\"299\" data-original-width=\"450\" data-original-height=\"299\" itemprop=\"http:\/\/schema.org\/image\" title=\"IMG_7066_DxO80_Web\" alt=\"IMG_7066_DxO80_Web\" style=\"width: 450px; height: 299px;\" \/> <\/a> <\/div> <\/div> <!-- close group --> <\/div> <!-- close row --> <div class=\"gallery-row\" style=\"width: 860px; height: 647px;\" data-original-width=\"860\" data-original-height=\"647\" > <div class=\"gallery-group images-1\" style=\"width: 428px; height: 647px;\" data-original-width=\"428\" data-original-height=\"647\" > <div class=\"tiled-gallery-item tiled-gallery-item-large\" itemprop=\"associatedMedia\" itemscope itemtype=\"http:\/\/schema.org\/ImageObject\"> <a href=\"https:\/\/shoot33.fr\/img_6646_dxo80_web\/\" border=\"0\" itemprop=\"url\"> <meta itemprop=\"width\" content=\"424\"> <meta itemprop=\"height\" content=\"643\"> <img data-attachment-id=\"181\" data-orig-file=\"https:\/\/shoot33.fr\/wp-content\/uploads\/IMG_6646_DxO80_Web.jpg\" data-orig-size=\"1350,2048\" data-comments-opened=\"1\" data-image-meta=\"{&quot;aperture&quot;:&quot;2.8&quot;,&quot;credit&quot;:&quot;AUGEREAU Philippe&quot;,&quot;camera&quot;:&quot;Canon EOS 760D&quot;,&quot;caption&quot;:&quot;&quot;,&quot;created_timestamp&quot;:&quot;1452364812&quot;,&quot;copyright&quot;:&quot;Tous droits reserves. Contacter l\\u0027auteur pour toute utilisation&quot;,&quot;focal_length&quot;:&quot;24&quot;,&quot;iso&quot;:&quot;2000&quot;,&quot;shutter_speed&quot;:&quot;0.00625&quot;,&quot;title&quot;:&quot;&quot;,&quot;orientation&quot;:&quot;1&quot;}\" data-image-title=\"IMG_6646_DxO80_Web\" data-image-description=\"\" data-medium-file=\"https:\/\/shoot33.fr\/wp-content\/uploads\/IMG_6646_DxO80_Web-198x300.jpg\" data-large-file=\"https:\/\/shoot33.fr\/wp-content\/uploads\/IMG_6646_DxO80_Web-675x1024.jpg\" src=\"https:\/\/i0.wp.com\/shoot33.fr\/wp-content\/uploads\/IMG_6646_DxO80_Web.jpg?w=424&#038;h=643&#038;ssl=1\" width=\"424\" height=\"643\" data-original-width=\"424\" data-original-height=\"643\" itemprop=\"http:\/\/schema.org\/image\" title=\"IMG_6646_DxO80_Web\" alt=\"IMG_6646_DxO80_Web\" style=\"width: 424px; height: 643px;\" \/> <\/a> <\/div> <\/div> <!-- close group --> <div class=\"gallery-group images-1\" style=\"width: 432px; height: 647px;\" data-original-width=\"432\" data-original-height=\"647\" > <div class=\"tiled-gallery-item tiled-gallery-item-large\" itemprop=\"associatedMedia\" itemscope itemtype=\"http:\/\/schema.org\/ImageObject\"> <a href=\"https:\/\/shoot33.fr\/img_6830_dxo80_web\/\" border=\"0\" itemprop=\"url\"> <meta itemprop=\"width\" content=\"428\"> <meta itemprop=\"height\" content=\"643\"> <img data-attachment-id=\"179\" data-orig-file=\"https:\/\/shoot33.fr\/wp-content\/uploads\/IMG_6830_DxO80_Web.jpg\" data-orig-size=\"1365,2048\" data-comments-opened=\"1\" data-image-meta=\"{&quot;aperture&quot;:&quot;2.8&quot;,&quot;credit&quot;:&quot;AUGEREAU Philippe&quot;,&quot;camera&quot;:&quot;Canon EOS 760D&quot;,&quot;caption&quot;:&quot;&quot;,&quot;created_timestamp&quot;:&quot;1452366214&quot;,&quot;copyright&quot;:&quot;Tous droits reserves. Contacter l\\u0027auteur pour toute utilisation&quot;,&quot;focal_length&quot;:&quot;24&quot;,&quot;iso&quot;:&quot;6400&quot;,&quot;shutter_speed&quot;:&quot;0.0125&quot;,&quot;title&quot;:&quot;&quot;,&quot;orientation&quot;:&quot;1&quot;}\" data-image-title=\"IMG_6830_DxO80_Web\" data-image-description=\"\" data-medium-file=\"https:\/\/shoot33.fr\/wp-content\/uploads\/IMG_6830_DxO80_Web-200x300.jpg\" data-large-file=\"https:\/\/shoot33.fr\/wp-content\/uploads\/IMG_6830_DxO80_Web-683x1024.jpg\" src=\"https:\/\/i0.wp.com\/shoot33.fr\/wp-content\/uploads\/IMG_6830_DxO80_Web.jpg?w=428&#038;h=643&#038;ssl=1\" width=\"428\" height=\"643\" data-original-width=\"428\" data-original-height=\"643\" itemprop=\"http:\/\/schema.org\/image\" title=\"IMG_6830_DxO80_Web\" alt=\"IMG_6830_DxO80_Web\" style=\"width: 428px; height: 643px;\" \/> <\/a> <\/div> <\/div> <!-- close group --> <\/div> <!-- close row --> <\/div>\n","protected":false},"excerpt":{"rendered":"<p>Shoot33 est sp\u00e9cialis\u00e9 dans le photo-reportage de mariage. La prestation <a class=\"more-link\" href=\"https:\/\/shoot33.fr\/index.php\/mariage\/\">En lire plus &#8230;<\/a><\/p>\n","protected":false},"author":1,"featured_media":0,"parent":0,"menu_order":1,"comment_status":"closed","ping_status":"closed","template":"","meta":{"jetpack_post_was_ever_published":false},"jetpack_shortlink":"https:\/\/wp.me\/P73r74-3d","_links":{"self":[{"href":"https:\/\/shoot33.fr\/index.php\/wp-json\/wp\/v2\/pages\/199"}],"collection":[{"href":"https:\/\/shoot33.fr\/index.php\/wp-json\/wp\/v2\/pages"}],"about":[{"href":"https:\/\/shoot33.fr\/index.php\/wp-json\/wp\/v2\/types\/page"}],"author":[{"embeddable":true,"href":"https:\/\/shoot33.fr\/index.php\/wp-json\/wp\/v2\/users\/1"}],"replies":[{"embeddable":true,"href":"https:\/\/shoot33.fr\/index.php\/wp-json\/wp\/v2\/comments?post=199"}],"version-history":[{"count":13,"href":"https:\/\/shoot33.fr\/index.php\/wp-json\/wp\/v2\/pages\/199\/revisions"}],"predecessor-version":[{"id":1272,"href":"https:\/\/shoot33.fr\/index.php\/wp-json\/wp\/v2\/pages\/199\/revisions\/1272"}],"wp:attachment":[{"href":"https:\/\/shoot33.fr\/index.php\/wp-json\/wp\/v2\/media?parent=199"}],"curies":[{"name":"wp","href":"https:\/\/api.w.org\/{rel}","templated":true}]}}