{"id":1105,"date":"2017-03-04T22:02:45","date_gmt":"2017-03-04T21:02:45","guid":{"rendered":"http:\/\/shoot33.fr\/?page_id=1105"},"modified":"2017-03-09T22:53:16","modified_gmt":"2017-03-09T21:53:16","slug":"shooting-moto","status":"publish","type":"page","link":"https:\/\/shoot33.fr\/index.php\/seance-photo\/shooting-moto\/","title":{"rendered":"Shooting Moto"},"content":{"rendered":"<p>SHOOT33 vous propose des shootings personnalis\u00e9s sur tout type de style &#8230; et cela inclut bien entendu la moto.<\/p>\n<p>Vous trouverez ci-apr\u00e8s quelques photos prises lors d&rsquo;une s\u00e9ance avec une heureuse nouvelle propri\u00e9taire d&rsquo;une moto custom.<\/p>\n<p>Si vous souhaitez, vous aussi, tenter l&rsquo;exp\u00e9rience, contacter <a href=\"http:\/\/shoot33.fr\/index.php\/contact\/\" target=\"_blank\">Shoot33 <\/a>pour d\u00e9finir d&rsquo;une s\u00e9ance personnalis\u00e9e (lieu du shooting, dur\u00e9e, th\u00e9matique&#8230;).<\/p>\n<p>Retrouver les tarifs sur la page suivante : <a href=\"http:\/\/shoot33.fr\/index.php\/tarifs\/\">Tarifs<\/a>.<\/p>\n<div class=\"tiled-gallery type-rectangular tiled-gallery-unresized\" data-original-width=\"860\" data-carousel-extra='{&quot;blog_id&quot;:1,&quot;permalink&quot;:&quot;https:\\\/\\\/shoot33.fr\\\/index.php\\\/seance-photo\\\/shooting-moto\\\/&quot;,&quot;likes_blog_id&quot;:104253562}' itemscope itemtype=\"http:\/\/schema.org\/ImageGallery\" > <div class=\"gallery-row\" style=\"width: 860px; height: 321px;\" data-original-width=\"860\" data-original-height=\"321\" > <div class=\"gallery-group images-1\" style=\"width: 215px; height: 321px;\" data-original-width=\"215\" data-original-height=\"321\" > <div class=\"tiled-gallery-item tiled-gallery-item-small\" itemprop=\"associatedMedia\" itemscope itemtype=\"http:\/\/schema.org\/ImageObject\"> <a href=\"https:\/\/shoot33.fr\/index.php\/seance-photo\/shooting-moto\/img_6543_dxo80_1r\/#main\" border=\"0\" itemprop=\"url\"> <meta itemprop=\"width\" content=\"211\"> <meta itemprop=\"height\" content=\"317\"> <img data-attachment-id=\"1184\" data-orig-file=\"https:\/\/shoot33.fr\/wp-content\/uploads\/IMG_6543_DxO80_1r-e1489096074348.jpg\" data-orig-size=\"1365,2048\" data-comments-opened=\"1\" data-image-meta=\"{&quot;aperture&quot;:&quot;2.8&quot;,&quot;credit&quot;:&quot;AUGEREAU Philippe&quot;,&quot;camera&quot;:&quot;Canon EOS 760D&quot;,&quot;caption&quot;:&quot;&quot;,&quot;created_timestamp&quot;:&quot;1474818948&quot;,&quot;copyright&quot;:&quot;Tous droits reserves. Contacter l\\u0027auteur pour toute utilisation&quot;,&quot;focal_length&quot;:&quot;24&quot;,&quot;iso&quot;:&quot;640&quot;,&quot;shutter_speed&quot;:&quot;0.00025&quot;,&quot;title&quot;:&quot;&quot;,&quot;orientation&quot;:&quot;0&quot;}\" data-image-title=\"IMG_6543_DxO80_1r\" data-image-description=\"\" data-medium-file=\"https:\/\/shoot33.fr\/wp-content\/uploads\/IMG_6543_DxO80_1r-200x300.jpg\" data-large-file=\"https:\/\/shoot33.fr\/wp-content\/uploads\/IMG_6543_DxO80_1r-1365x2048.jpg\" src=\"https:\/\/i0.wp.com\/shoot33.fr\/wp-content\/uploads\/IMG_6543_DxO80_1r-e1489096074348.jpg?w=211&#038;h=317&#038;ssl=1\" width=\"211\" height=\"317\" data-original-width=\"211\" data-original-height=\"317\" itemprop=\"http:\/\/schema.org\/image\" title=\"IMG_6543_DxO80_1r\" alt=\"IMG_6543_DxO80_1r\" style=\"width: 211px; height: 317px;\" \/> <\/a> <\/div> <\/div> <!-- close group --> <div class=\"gallery-group images-1\" style=\"width: 215px; height: 321px;\" data-original-width=\"215\" data-original-height=\"321\" > <div class=\"tiled-gallery-item tiled-gallery-item-small\" itemprop=\"associatedMedia\" itemscope itemtype=\"http:\/\/schema.org\/ImageObject\"> <a href=\"https:\/\/shoot33.fr\/index.php\/seance-photo\/shooting-moto\/img_6501_dxo80\/#main\" border=\"0\" itemprop=\"url\"> <meta itemprop=\"width\" content=\"211\"> <meta itemprop=\"height\" content=\"317\"> <img data-attachment-id=\"1182\" data-orig-file=\"https:\/\/shoot33.fr\/wp-content\/uploads\/IMG_6501_DxO80-e1489096032439.jpg\" data-orig-size=\"1365,2048\" data-comments-opened=\"1\" data-image-meta=\"{&quot;aperture&quot;:&quot;2.8&quot;,&quot;credit&quot;:&quot;AUGEREAU Philippe&quot;,&quot;camera&quot;:&quot;Canon EOS 760D&quot;,&quot;caption&quot;:&quot;&quot;,&quot;created_timestamp&quot;:&quot;1474818374&quot;,&quot;copyright&quot;:&quot;Tous droits reserves. Contacter l\\u0027auteur pour toute utilisation&quot;,&quot;focal_length&quot;:&quot;24&quot;,&quot;iso&quot;:&quot;100&quot;,&quot;shutter_speed&quot;:&quot;0.000625&quot;,&quot;title&quot;:&quot;&quot;,&quot;orientation&quot;:&quot;1&quot;}\" data-image-title=\"IMG_6501_DxO80\" data-image-description=\"\" data-medium-file=\"https:\/\/shoot33.fr\/wp-content\/uploads\/IMG_6501_DxO80-200x300.jpg\" data-large-file=\"https:\/\/shoot33.fr\/wp-content\/uploads\/IMG_6501_DxO80-1365x2048.jpg\" src=\"https:\/\/i0.wp.com\/shoot33.fr\/wp-content\/uploads\/IMG_6501_DxO80-e1489096032439.jpg?w=211&#038;h=317&#038;ssl=1\" width=\"211\" height=\"317\" data-original-width=\"211\" data-original-height=\"317\" itemprop=\"http:\/\/schema.org\/image\" title=\"IMG_6501_DxO80\" alt=\"IMG_6501_DxO80\" style=\"width: 211px; height: 317px;\" \/> <\/a> <\/div> <\/div> <!-- close group --> <div class=\"gallery-group images-1\" style=\"width: 215px; height: 321px;\" data-original-width=\"215\" data-original-height=\"321\" > <div class=\"tiled-gallery-item tiled-gallery-item-small\" itemprop=\"associatedMedia\" itemscope itemtype=\"http:\/\/schema.org\/ImageObject\"> <a href=\"https:\/\/shoot33.fr\/index.php\/seance-photo\/shooting-moto\/img_6552_dxo80\/#main\" border=\"0\" itemprop=\"url\"> <meta itemprop=\"width\" content=\"211\"> <meta itemprop=\"height\" content=\"317\"> <img data-attachment-id=\"1185\" data-orig-file=\"https:\/\/shoot33.fr\/wp-content\/uploads\/IMG_6552_DxO80-e1489096092150.jpg\" data-orig-size=\"1365,2048\" data-comments-opened=\"1\" data-image-meta=\"{&quot;aperture&quot;:&quot;2.8&quot;,&quot;credit&quot;:&quot;AUGEREAU Philippe&quot;,&quot;camera&quot;:&quot;Canon EOS 760D&quot;,&quot;caption&quot;:&quot;&quot;,&quot;created_timestamp&quot;:&quot;1474819112&quot;,&quot;copyright&quot;:&quot;Tous droits reserves. Contacter l\\u0027auteur pour toute utilisation&quot;,&quot;focal_length&quot;:&quot;24&quot;,&quot;iso&quot;:&quot;100&quot;,&quot;shutter_speed&quot;:&quot;0.0008&quot;,&quot;title&quot;:&quot;&quot;,&quot;orientation&quot;:&quot;1&quot;}\" data-image-title=\"IMG_6552_DxO80\" data-image-description=\"\" data-medium-file=\"https:\/\/shoot33.fr\/wp-content\/uploads\/IMG_6552_DxO80-200x300.jpg\" data-large-file=\"https:\/\/shoot33.fr\/wp-content\/uploads\/IMG_6552_DxO80-1365x2048.jpg\" src=\"https:\/\/i0.wp.com\/shoot33.fr\/wp-content\/uploads\/IMG_6552_DxO80-e1489096092150.jpg?w=211&#038;h=317&#038;ssl=1\" width=\"211\" height=\"317\" data-original-width=\"211\" data-original-height=\"317\" itemprop=\"http:\/\/schema.org\/image\" title=\"IMG_6552_DxO80\" alt=\"IMG_6552_DxO80\" style=\"width: 211px; height: 317px;\" \/> <\/a> <\/div> <\/div> <!-- close group --> <div class=\"gallery-group images-1\" style=\"width: 215px; height: 321px;\" data-original-width=\"215\" data-original-height=\"321\" > <div class=\"tiled-gallery-item tiled-gallery-item-small\" itemprop=\"associatedMedia\" itemscope itemtype=\"http:\/\/schema.org\/ImageObject\"> <a href=\"https:\/\/shoot33.fr\/index.php\/seance-photo\/shooting-moto\/img_6519_dxo80\/#main\" border=\"0\" itemprop=\"url\"> <meta itemprop=\"width\" content=\"211\"> <meta itemprop=\"height\" content=\"317\"> <img data-attachment-id=\"1183\" data-orig-file=\"https:\/\/shoot33.fr\/wp-content\/uploads\/IMG_6519_DxO80-e1489095982423.jpg\" data-orig-size=\"1365,2048\" data-comments-opened=\"1\" data-image-meta=\"{&quot;aperture&quot;:&quot;2.8&quot;,&quot;credit&quot;:&quot;AUGEREAU Philippe&quot;,&quot;camera&quot;:&quot;Canon EOS 760D&quot;,&quot;caption&quot;:&quot;&quot;,&quot;created_timestamp&quot;:&quot;1474818531&quot;,&quot;copyright&quot;:&quot;Tous droits reserves. Contacter l\\u0027auteur pour toute utilisation&quot;,&quot;focal_length&quot;:&quot;24&quot;,&quot;iso&quot;:&quot;100&quot;,&quot;shutter_speed&quot;:&quot;0.0004&quot;,&quot;title&quot;:&quot;&quot;,&quot;orientation&quot;:&quot;1&quot;}\" data-image-title=\"IMG_6519_DxO80\" data-image-description=\"\" data-medium-file=\"https:\/\/shoot33.fr\/wp-content\/uploads\/IMG_6519_DxO80-200x300.jpg\" data-large-file=\"https:\/\/shoot33.fr\/wp-content\/uploads\/IMG_6519_DxO80-1365x2048.jpg\" src=\"https:\/\/i0.wp.com\/shoot33.fr\/wp-content\/uploads\/IMG_6519_DxO80-e1489095982423.jpg?w=211&#038;h=317&#038;ssl=1\" width=\"211\" height=\"317\" data-original-width=\"211\" data-original-height=\"317\" itemprop=\"http:\/\/schema.org\/image\" title=\"IMG_6519_DxO80\" alt=\"IMG_6519_DxO80\" style=\"width: 211px; height: 317px;\" \/> <\/a> <\/div> <\/div> <!-- close group --> <\/div> <!-- close row --> <div class=\"gallery-row\" style=\"width: 860px; height: 738px;\" data-original-width=\"860\" data-original-height=\"738\" > <div class=\"gallery-group images-3\" style=\"width: 367px; height: 738px;\" data-original-width=\"367\" data-original-height=\"738\" > <div class=\"tiled-gallery-item tiled-gallery-item-large\" itemprop=\"associatedMedia\" itemscope itemtype=\"http:\/\/schema.org\/ImageObject\"> <a href=\"https:\/\/shoot33.fr\/index.php\/seance-photo\/shooting-moto\/img_6573_dxo80-signedw_dxo80\/#main\" border=\"0\" itemprop=\"url\"> <meta itemprop=\"width\" content=\"363\"> <meta itemprop=\"height\" content=\"242\"> <img data-attachment-id=\"1186\" data-orig-file=\"https:\/\/shoot33.fr\/wp-content\/uploads\/IMG_6573_DxO80-SignedW_DxO80-e1489096113313.jpg\" data-orig-size=\"2048,1365\" data-comments-opened=\"1\" data-image-meta=\"{&quot;aperture&quot;:&quot;2.8&quot;,&quot;credit&quot;:&quot;AUGEREAU Philippe&quot;,&quot;camera&quot;:&quot;Canon EOS 760D&quot;,&quot;caption&quot;:&quot;&quot;,&quot;created_timestamp&quot;:&quot;1474819352&quot;,&quot;copyright&quot;:&quot;Tous droits reserves. Contacter l\\u0027auteur pour toute utilisation&quot;,&quot;focal_length&quot;:&quot;24&quot;,&quot;iso&quot;:&quot;100&quot;,&quot;shutter_speed&quot;:&quot;0.005&quot;,&quot;title&quot;:&quot;&quot;,&quot;orientation&quot;:&quot;1&quot;}\" data-image-title=\"IMG_6573_DxO80-SignedW_DxO80\" data-image-description=\"\" data-medium-file=\"https:\/\/shoot33.fr\/wp-content\/uploads\/IMG_6573_DxO80-SignedW_DxO80-300x200.jpg\" data-large-file=\"https:\/\/shoot33.fr\/wp-content\/uploads\/IMG_6573_DxO80-SignedW_DxO80-2048x1365.jpg\" src=\"https:\/\/i0.wp.com\/shoot33.fr\/wp-content\/uploads\/IMG_6573_DxO80-SignedW_DxO80-e1489096113313.jpg?w=363&#038;h=242&#038;ssl=1\" width=\"363\" height=\"242\" data-original-width=\"363\" data-original-height=\"242\" itemprop=\"http:\/\/schema.org\/image\" title=\"IMG_6573_DxO80-SignedW_DxO80\" alt=\"IMG_6573_DxO80-SignedW_DxO80\" style=\"width: 363px; height: 242px;\" \/> <\/a> <\/div> <div class=\"tiled-gallery-item tiled-gallery-item-large\" itemprop=\"associatedMedia\" itemscope itemtype=\"http:\/\/schema.org\/ImageObject\"> <a href=\"https:\/\/shoot33.fr\/index.php\/seance-photo\/shooting-moto\/img_6669_dxo80_1\/#main\" border=\"0\" itemprop=\"url\"> <meta itemprop=\"width\" content=\"363\"> <meta itemprop=\"height\" content=\"242\"> <img data-attachment-id=\"1187\" data-orig-file=\"https:\/\/shoot33.fr\/wp-content\/uploads\/IMG_6669_DxO80_1-e1489096131258.jpg\" data-orig-size=\"2048,1365\" data-comments-opened=\"1\" data-image-meta=\"{&quot;aperture&quot;:&quot;2.8&quot;,&quot;credit&quot;:&quot;AUGEREAU Philippe&quot;,&quot;camera&quot;:&quot;Canon EOS 760D&quot;,&quot;caption&quot;:&quot;&quot;,&quot;created_timestamp&quot;:&quot;1474820462&quot;,&quot;copyright&quot;:&quot;Tous droits reserves. Contacter l\\u0027auteur pour toute utilisation&quot;,&quot;focal_length&quot;:&quot;24&quot;,&quot;iso&quot;:&quot;100&quot;,&quot;shutter_speed&quot;:&quot;0.00125&quot;,&quot;title&quot;:&quot;&quot;,&quot;orientation&quot;:&quot;1&quot;}\" data-image-title=\"IMG_6669_DxO80_1\" data-image-description=\"\" data-medium-file=\"https:\/\/shoot33.fr\/wp-content\/uploads\/IMG_6669_DxO80_1-300x200.jpg\" data-large-file=\"https:\/\/shoot33.fr\/wp-content\/uploads\/IMG_6669_DxO80_1-2048x1365.jpg\" src=\"https:\/\/i0.wp.com\/shoot33.fr\/wp-content\/uploads\/IMG_6669_DxO80_1-e1489096131258.jpg?w=363&#038;h=242&#038;ssl=1\" width=\"363\" height=\"242\" data-original-width=\"363\" data-original-height=\"242\" itemprop=\"http:\/\/schema.org\/image\" title=\"IMG_6669_DxO80_1\" alt=\"IMG_6669_DxO80_1\" style=\"width: 363px; height: 242px;\" \/> <\/a> <\/div> <div class=\"tiled-gallery-item tiled-gallery-item-large\" itemprop=\"associatedMedia\" itemscope itemtype=\"http:\/\/schema.org\/ImageObject\"> <a href=\"https:\/\/shoot33.fr\/index.php\/seance-photo\/shooting-moto\/img_6498_dxo80_1r\/#main\" border=\"0\" itemprop=\"url\"> <meta itemprop=\"width\" content=\"363\"> <meta itemprop=\"height\" content=\"242\"> <img data-attachment-id=\"1181\" data-orig-file=\"https:\/\/shoot33.fr\/wp-content\/uploads\/IMG_6498_DxO80_1r-e1489096012697.jpg\" data-orig-size=\"2048,1365\" data-comments-opened=\"1\" data-image-meta=\"{&quot;aperture&quot;:&quot;2.8&quot;,&quot;credit&quot;:&quot;AUGEREAU Philippe&quot;,&quot;camera&quot;:&quot;Canon EOS 760D&quot;,&quot;caption&quot;:&quot;&quot;,&quot;created_timestamp&quot;:&quot;1474818357&quot;,&quot;copyright&quot;:&quot;Tous droits reserves. Contacter l\\u0027auteur pour toute utilisation&quot;,&quot;focal_length&quot;:&quot;24&quot;,&quot;iso&quot;:&quot;100&quot;,&quot;shutter_speed&quot;:&quot;0.001&quot;,&quot;title&quot;:&quot;&quot;,&quot;orientation&quot;:&quot;0&quot;}\" data-image-title=\"IMG_6498_DxO80_1r\" data-image-description=\"\" data-medium-file=\"https:\/\/shoot33.fr\/wp-content\/uploads\/IMG_6498_DxO80_1r-300x200.jpg\" data-large-file=\"https:\/\/shoot33.fr\/wp-content\/uploads\/IMG_6498_DxO80_1r-2048x1365.jpg\" src=\"https:\/\/i0.wp.com\/shoot33.fr\/wp-content\/uploads\/IMG_6498_DxO80_1r-e1489096012697.jpg?w=363&#038;h=242&#038;ssl=1\" width=\"363\" height=\"242\" data-original-width=\"363\" data-original-height=\"242\" itemprop=\"http:\/\/schema.org\/image\" title=\"IMG_6498_DxO80_1r\" alt=\"IMG_6498_DxO80_1r\" style=\"width: 363px; height: 242px;\" \/> <\/a> <\/div> <\/div> <!-- close group --> <div class=\"gallery-group images-1\" style=\"width: 493px; height: 738px;\" data-original-width=\"493\" data-original-height=\"738\" > <div class=\"tiled-gallery-item tiled-gallery-item-large\" itemprop=\"associatedMedia\" itemscope itemtype=\"http:\/\/schema.org\/ImageObject\"> <a href=\"https:\/\/shoot33.fr\/index.php\/seance-photo\/shooting-moto\/img_6690_dxo80_4r2\/#main\" border=\"0\" itemprop=\"url\"> <meta itemprop=\"width\" content=\"489\"> <meta itemprop=\"height\" content=\"734\"> <img data-attachment-id=\"1188\" data-orig-file=\"https:\/\/shoot33.fr\/wp-content\/uploads\/IMG_6690_DxO80_4r2-e1489096152434.jpg\" data-orig-size=\"1365,2048\" data-comments-opened=\"1\" data-image-meta=\"{&quot;aperture&quot;:&quot;2.8&quot;,&quot;credit&quot;:&quot;AUGEREAU Philippe&quot;,&quot;camera&quot;:&quot;Canon EOS 760D&quot;,&quot;caption&quot;:&quot;&quot;,&quot;created_timestamp&quot;:&quot;1474820865&quot;,&quot;copyright&quot;:&quot;Tous droits reserves. Contacter l\\u0027auteur pour toute utilisation&quot;,&quot;focal_length&quot;:&quot;24&quot;,&quot;iso&quot;:&quot;100&quot;,&quot;shutter_speed&quot;:&quot;0.003125&quot;,&quot;title&quot;:&quot;&quot;,&quot;orientation&quot;:&quot;1&quot;}\" data-image-title=\"IMG_6690_DxO80_4r2\" data-image-description=\"\" data-medium-file=\"https:\/\/shoot33.fr\/wp-content\/uploads\/IMG_6690_DxO80_4r2-200x300.jpg\" data-large-file=\"https:\/\/shoot33.fr\/wp-content\/uploads\/IMG_6690_DxO80_4r2-1365x2048.jpg\" src=\"https:\/\/i0.wp.com\/shoot33.fr\/wp-content\/uploads\/IMG_6690_DxO80_4r2-e1489096152434.jpg?w=489&#038;h=734&#038;ssl=1\" width=\"489\" height=\"734\" data-original-width=\"489\" data-original-height=\"734\" itemprop=\"http:\/\/schema.org\/image\" title=\"IMG_6690_DxO80_4r2\" alt=\"IMG_6690_DxO80_4r2\" style=\"width: 489px; height: 734px;\" \/> <\/a> <\/div> <\/div> <!-- close group --> <\/div> <!-- close row --> <div class=\"gallery-row\" style=\"width: 860px; height: 428px;\" data-original-width=\"860\" data-original-height=\"428\" > <div class=\"gallery-group images-1\" style=\"width: 287px; height: 428px;\" data-original-width=\"287\" data-original-height=\"428\" > <div class=\"tiled-gallery-item tiled-gallery-item-large\" itemprop=\"associatedMedia\" itemscope itemtype=\"http:\/\/schema.org\/ImageObject\"> <a href=\"https:\/\/shoot33.fr\/index.php\/seance-photo\/shooting-moto\/img_6743_dxo80\/#main\" border=\"0\" itemprop=\"url\"> <meta itemprop=\"width\" content=\"283\"> <meta itemprop=\"height\" content=\"424\"> <img data-attachment-id=\"1189\" data-orig-file=\"https:\/\/shoot33.fr\/wp-content\/uploads\/IMG_6743_DxO80-e1489096182439.jpg\" data-orig-size=\"1365,2048\" data-comments-opened=\"1\" data-image-meta=\"{&quot;aperture&quot;:&quot;2.8&quot;,&quot;credit&quot;:&quot;AUGEREAU Philippe&quot;,&quot;camera&quot;:&quot;Canon EOS 760D&quot;,&quot;caption&quot;:&quot;&quot;,&quot;created_timestamp&quot;:&quot;1474821743&quot;,&quot;copyright&quot;:&quot;Tous droits reserves. Contacter l\\u0027auteur pour toute utilisation&quot;,&quot;focal_length&quot;:&quot;24&quot;,&quot;iso&quot;:&quot;100&quot;,&quot;shutter_speed&quot;:&quot;0.005&quot;,&quot;title&quot;:&quot;&quot;,&quot;orientation&quot;:&quot;1&quot;}\" data-image-title=\"IMG_6743_DxO80\" data-image-description=\"\" data-medium-file=\"https:\/\/shoot33.fr\/wp-content\/uploads\/IMG_6743_DxO80-200x300.jpg\" data-large-file=\"https:\/\/shoot33.fr\/wp-content\/uploads\/IMG_6743_DxO80-1365x2048.jpg\" src=\"https:\/\/i0.wp.com\/shoot33.fr\/wp-content\/uploads\/IMG_6743_DxO80-e1489096182439.jpg?w=283&#038;h=424&#038;ssl=1\" width=\"283\" height=\"424\" data-original-width=\"283\" data-original-height=\"424\" itemprop=\"http:\/\/schema.org\/image\" title=\"IMG_6743_DxO80\" alt=\"IMG_6743_DxO80\" style=\"width: 283px; height: 424px;\" \/> <\/a> <\/div> <\/div> <!-- close group --> <div class=\"gallery-group images-1\" style=\"width: 287px; height: 428px;\" data-original-width=\"287\" data-original-height=\"428\" > <div class=\"tiled-gallery-item tiled-gallery-item-large\" itemprop=\"associatedMedia\" itemscope itemtype=\"http:\/\/schema.org\/ImageObject\"> <a href=\"https:\/\/shoot33.fr\/index.php\/seance-photo\/shooting-moto\/img_6763_dxo80\/#main\" border=\"0\" itemprop=\"url\"> <meta itemprop=\"width\" content=\"283\"> <meta itemprop=\"height\" content=\"424\"> <img data-attachment-id=\"1190\" data-orig-file=\"https:\/\/shoot33.fr\/wp-content\/uploads\/IMG_6763_DxO80-e1489096202405.jpg\" data-orig-size=\"1365,2048\" data-comments-opened=\"1\" data-image-meta=\"{&quot;aperture&quot;:&quot;2.8&quot;,&quot;credit&quot;:&quot;AUGEREAU Philippe&quot;,&quot;camera&quot;:&quot;Canon EOS 760D&quot;,&quot;caption&quot;:&quot;&quot;,&quot;created_timestamp&quot;:&quot;1474822358&quot;,&quot;copyright&quot;:&quot;Tous droits reserves. Contacter l\\u0027auteur pour toute utilisation&quot;,&quot;focal_length&quot;:&quot;50&quot;,&quot;iso&quot;:&quot;100&quot;,&quot;shutter_speed&quot;:&quot;0.0125&quot;,&quot;title&quot;:&quot;&quot;,&quot;orientation&quot;:&quot;1&quot;}\" data-image-title=\"IMG_6763_DxO80\" data-image-description=\"\" data-medium-file=\"https:\/\/shoot33.fr\/wp-content\/uploads\/IMG_6763_DxO80-200x300.jpg\" data-large-file=\"https:\/\/shoot33.fr\/wp-content\/uploads\/IMG_6763_DxO80-1365x2048.jpg\" src=\"https:\/\/i0.wp.com\/shoot33.fr\/wp-content\/uploads\/IMG_6763_DxO80-e1489096202405.jpg?w=283&#038;h=424&#038;ssl=1\" width=\"283\" height=\"424\" data-original-width=\"283\" data-original-height=\"424\" itemprop=\"http:\/\/schema.org\/image\" title=\"IMG_6763_DxO80\" alt=\"IMG_6763_DxO80\" style=\"width: 283px; height: 424px;\" \/> <\/a> <\/div> <\/div> <!-- close group --> <div class=\"gallery-group images-1\" style=\"width: 286px; height: 428px;\" data-original-width=\"286\" data-original-height=\"428\" > <div class=\"tiled-gallery-item tiled-gallery-item-large\" itemprop=\"associatedMedia\" itemscope itemtype=\"http:\/\/schema.org\/ImageObject\"> <a href=\"https:\/\/shoot33.fr\/index.php\/seance-photo\/shooting-moto\/img_6798_dxo80-signedw_dxo80r_zoom\/#main\" border=\"0\" itemprop=\"url\"> <meta itemprop=\"width\" content=\"282\"> <meta itemprop=\"height\" content=\"424\"> <img data-attachment-id=\"1191\" data-orig-file=\"https:\/\/shoot33.fr\/wp-content\/uploads\/IMG_6798_DxO80-SignedW_DxO80r_zoom-e1489096219527.jpg\" data-orig-size=\"1365,2048\" data-comments-opened=\"1\" data-image-meta=\"{&quot;aperture&quot;:&quot;2.8&quot;,&quot;credit&quot;:&quot;AUGEREAU Philippe&quot;,&quot;camera&quot;:&quot;Canon EOS 760D&quot;,&quot;caption&quot;:&quot;&quot;,&quot;created_timestamp&quot;:&quot;1474822915&quot;,&quot;copyright&quot;:&quot;Tous droits reserves. Contacter l\\u0027auteur pour toute utilisation&quot;,&quot;focal_length&quot;:&quot;50&quot;,&quot;iso&quot;:&quot;100&quot;,&quot;shutter_speed&quot;:&quot;0.0025&quot;,&quot;title&quot;:&quot;&quot;,&quot;orientation&quot;:&quot;1&quot;}\" data-image-title=\"IMG_6798_DxO80-SignedW_DxO80r_zoom\" data-image-description=\"\" data-medium-file=\"https:\/\/shoot33.fr\/wp-content\/uploads\/IMG_6798_DxO80-SignedW_DxO80r_zoom-200x300.jpg\" data-large-file=\"https:\/\/shoot33.fr\/wp-content\/uploads\/IMG_6798_DxO80-SignedW_DxO80r_zoom-1365x2048.jpg\" src=\"https:\/\/i0.wp.com\/shoot33.fr\/wp-content\/uploads\/IMG_6798_DxO80-SignedW_DxO80r_zoom-e1489096219527.jpg?w=282&#038;h=424&#038;ssl=1\" width=\"282\" height=\"424\" data-original-width=\"282\" data-original-height=\"424\" itemprop=\"http:\/\/schema.org\/image\" title=\"IMG_6798_DxO80-SignedW_DxO80r_zoom\" alt=\"IMG_6798_DxO80-SignedW_DxO80r_zoom\" style=\"width: 282px; height: 424px;\" \/> <\/a> <\/div> <\/div> <!-- close group --> <\/div> <!-- close row --> <div class=\"gallery-row\" style=\"width: 860px; height: 397px;\" data-original-width=\"860\" data-original-height=\"397\" > <div class=\"gallery-group images-1\" style=\"width: 266px; height: 397px;\" data-original-width=\"266\" data-original-height=\"397\" > <div class=\"tiled-gallery-item tiled-gallery-item-large\" itemprop=\"associatedMedia\" itemscope itemtype=\"http:\/\/schema.org\/ImageObject\"> <a href=\"https:\/\/shoot33.fr\/index.php\/seance-photo\/shooting-moto\/img_6832_dxo80_1\/#main\" border=\"0\" itemprop=\"url\"> <meta itemprop=\"width\" content=\"262\"> <meta itemprop=\"height\" content=\"393\"> <img data-attachment-id=\"1193\" data-orig-file=\"https:\/\/shoot33.fr\/wp-content\/uploads\/IMG_6832_DxO80_1-e1489096257330.jpg\" data-orig-size=\"1365,2048\" data-comments-opened=\"1\" data-image-meta=\"{&quot;aperture&quot;:&quot;2.8&quot;,&quot;credit&quot;:&quot;AUGEREAU Philippe&quot;,&quot;camera&quot;:&quot;Canon EOS 760D&quot;,&quot;caption&quot;:&quot;&quot;,&quot;created_timestamp&quot;:&quot;1474823439&quot;,&quot;copyright&quot;:&quot;Tous droits reserves. Contacter l\\u0027auteur pour toute utilisation&quot;,&quot;focal_length&quot;:&quot;50&quot;,&quot;iso&quot;:&quot;100&quot;,&quot;shutter_speed&quot;:&quot;0.005&quot;,&quot;title&quot;:&quot;&quot;,&quot;orientation&quot;:&quot;1&quot;}\" data-image-title=\"IMG_6832_DxO80_1\" data-image-description=\"\" data-medium-file=\"https:\/\/shoot33.fr\/wp-content\/uploads\/IMG_6832_DxO80_1-200x300.jpg\" data-large-file=\"https:\/\/shoot33.fr\/wp-content\/uploads\/IMG_6832_DxO80_1-1365x2048.jpg\" src=\"https:\/\/i0.wp.com\/shoot33.fr\/wp-content\/uploads\/IMG_6832_DxO80_1-e1489096257330.jpg?w=262&#038;h=393&#038;ssl=1\" width=\"262\" height=\"393\" data-original-width=\"262\" data-original-height=\"393\" itemprop=\"http:\/\/schema.org\/image\" title=\"IMG_6832_DxO80_1\" alt=\"IMG_6832_DxO80_1\" style=\"width: 262px; height: 393px;\" \/> <\/a> <\/div> <\/div> <!-- close group --> <div class=\"gallery-group images-1\" style=\"width: 594px; height: 397px;\" data-original-width=\"594\" data-original-height=\"397\" > <div class=\"tiled-gallery-item tiled-gallery-item-large\" itemprop=\"associatedMedia\" itemscope itemtype=\"http:\/\/schema.org\/ImageObject\"> <a href=\"https:\/\/shoot33.fr\/index.php\/seance-photo\/shooting-moto\/img_6827_dxo80\/#main\" border=\"0\" itemprop=\"url\"> <meta itemprop=\"width\" content=\"590\"> <meta itemprop=\"height\" content=\"393\"> <img data-attachment-id=\"1192\" data-orig-file=\"https:\/\/shoot33.fr\/wp-content\/uploads\/IMG_6827_DxO80-e1489096235265.jpg\" data-orig-size=\"2048,1365\" data-comments-opened=\"1\" data-image-meta=\"{&quot;aperture&quot;:&quot;2.8&quot;,&quot;credit&quot;:&quot;AUGEREAU Philippe&quot;,&quot;camera&quot;:&quot;Canon EOS 760D&quot;,&quot;caption&quot;:&quot;&quot;,&quot;created_timestamp&quot;:&quot;1474823413&quot;,&quot;copyright&quot;:&quot;Tous droits reserves. Contacter l\\u0027auteur pour toute utilisation&quot;,&quot;focal_length&quot;:&quot;50&quot;,&quot;iso&quot;:&quot;100&quot;,&quot;shutter_speed&quot;:&quot;0.0125&quot;,&quot;title&quot;:&quot;&quot;,&quot;orientation&quot;:&quot;1&quot;}\" data-image-title=\"IMG_6827_DxO80\" data-image-description=\"\" data-medium-file=\"https:\/\/shoot33.fr\/wp-content\/uploads\/IMG_6827_DxO80-300x200.jpg\" data-large-file=\"https:\/\/shoot33.fr\/wp-content\/uploads\/IMG_6827_DxO80-2048x1365.jpg\" src=\"https:\/\/i0.wp.com\/shoot33.fr\/wp-content\/uploads\/IMG_6827_DxO80-e1489096235265.jpg?w=590&#038;h=393&#038;ssl=1\" width=\"590\" height=\"393\" data-original-width=\"590\" data-original-height=\"393\" itemprop=\"http:\/\/schema.org\/image\" title=\"IMG_6827_DxO80\" alt=\"IMG_6827_DxO80\" style=\"width: 590px; height: 393px;\" \/> <\/a> <\/div> <\/div> <!-- close group --> <\/div> <!-- close row --> <\/div>\n","protected":false},"excerpt":{"rendered":"<p>SHOOT33 vous propose des shootings personnalis\u00e9s sur tout type de <a class=\"more-link\" href=\"https:\/\/shoot33.fr\/index.php\/seance-photo\/shooting-moto\/\">En lire plus &#8230;<\/a><\/p>\n","protected":false},"author":1,"featured_media":0,"parent":298,"menu_order":1,"comment_status":"closed","ping_status":"closed","template":"","meta":{"jetpack_post_was_ever_published":false},"jetpack_shortlink":"https:\/\/wp.me\/P73r74-hP","_links":{"self":[{"href":"https:\/\/shoot33.fr\/index.php\/wp-json\/wp\/v2\/pages\/1105"}],"collection":[{"href":"https:\/\/shoot33.fr\/index.php\/wp-json\/wp\/v2\/pages"}],"about":[{"href":"https:\/\/shoot33.fr\/index.php\/wp-json\/wp\/v2\/types\/page"}],"author":[{"embeddable":true,"href":"https:\/\/shoot33.fr\/index.php\/wp-json\/wp\/v2\/users\/1"}],"replies":[{"embeddable":true,"href":"https:\/\/shoot33.fr\/index.php\/wp-json\/wp\/v2\/comments?post=1105"}],"version-history":[{"count":9,"href":"https:\/\/shoot33.fr\/index.php\/wp-json\/wp\/v2\/pages\/1105\/revisions"}],"predecessor-version":[{"id":1205,"href":"https:\/\/shoot33.fr\/index.php\/wp-json\/wp\/v2\/pages\/1105\/revisions\/1205"}],"up":[{"embeddable":true,"href":"https:\/\/shoot33.fr\/index.php\/wp-json\/wp\/v2\/pages\/298"}],"wp:attachment":[{"href":"https:\/\/shoot33.fr\/index.php\/wp-json\/wp\/v2\/media?parent=1105"}],"curies":[{"name":"wp","href":"https:\/\/api.w.org\/{rel}","templated":true}]}}